{"id":968,"date":"2022-01-27T14:17:24","date_gmt":"2022-01-27T14:17:24","guid":{"rendered":"https:\/\/cataclean.com\/product\/cataclean-powershot-tool-garden\/"},"modified":"2022-10-25T09:53:44","modified_gmt":"2022-10-25T08:53:44","slug":"cataclean-powershot-tool-garden","status":"publish","type":"product","link":"https:\/\/cataclean.com\/de\/produkt\/cataclean-powershot-tool-garden\/","title":{"rendered":"Cataclean\u00ae PowerShot Werkzeug &#038; Garten"},"content":{"rendered":"<p><a class=\"w-btn us-btn-style_1\" href=\"https:\/\/www.cataclean.shop\/product-page\/cataclean-powershot-werkzeug-garten-250ml\" target=\"_blank\" rel=\"noopener\">Kaufen<\/a><\/p>\n<p><strong>Beschreibung<\/strong><\/p>\n<ul>\n<li><span class=\"text-green text-bold\">LEICHT<\/span> ZU STARTEN<\/li>\n<li><span class=\"text-green text-bold\">MEHR<\/span> DREHMOMENT<\/li>\n<li><span class=\"text-green text-bold\">MEHR<\/span> KRAFT<\/li>\n<li><span class=\"text-green text-bold\">F\u00dcR 2-TAKT \/ 4-TAKT\u200b<\/span> GEEIGNET\u200b<\/li>\n<li><span class=\"text-green text-bold\">BESSERE<\/span> LAUFRUHE<\/li>\n<\/ul>\n<p>Cataclean ist ein Reiniger f\u00fcr das Kraftstoff- und Abgassystem. Cataclean entfernt sch\u00e4dliche Kohlenstoffablagerungen in Ventilen, Einspritzd\u00fcsen und im gesamten Abgassystem. Cataclean\u00ae PowerShot Werkzeug &amp; Garten eignet sich f\u00fcr alle Motoren, von z.\u00a0B. Rasenm\u00e4hern, Kettens\u00e4gen, Generatoren bis zu Freischneidern. Cataclean stellt Motorleistung\u00a0\/ Drehmoment und Laufruhe wieder her. Wenn Motoren\u00a0\/ Maschinen \u00fcber den Winter eingelagert waren, verbessert eine Behandlung mit Cataclean\u00ae PowerShot Werkzeug &amp; Garten das Starten und den Lauf der Maschine.<\/p>\n<p>&nbsp;<\/p>\n<p><strong>Gebrauchsanleitung<\/strong><\/p>\n<p>F\u00fcllen Sie die gesamte Flasche<strong> Cataclean\u00ae PowerShot Werkzeug &amp; Garten<\/strong> in den Kraftstofftank oder den Kraftstoffkanister mit 5\u00a0Litern Kraftstoff. Lassen Sie den Motor\u00a0\/ das Ger\u00e4t wie gewohnt mit der <strong>Cataclean\u00ae PowerShot Werkzeug &amp; Garten<\/strong>-Behandlung laufen, bis der Gro\u00dfteil des Kraftstoffs im Tank oder Kanister verbraucht ist.<\/p>\n","protected":false},"excerpt":{"rendered":"<p>Kaufen Beschreibung LEICHT ZU STARTEN MEHR DREHMOMENT MEHR KRAFT F\u00dcR 2-TAKT \/ 4-TAKT\u200b GEEIGNET\u200b BESSERE LAUFRUHE Cataclean ist ein Reiniger f\u00fcr das Kraftstoff- und Abgassystem. Cataclean entfernt sch\u00e4dliche Kohlenstoffablagerungen in Ventilen, Einspritzd\u00fcsen und im gesamten Abgassystem. Cataclean\u00ae PowerShot Werkzeug &amp; Garten eignet sich f\u00fcr alle Motoren, von z.\u00a0B. Rasenm\u00e4hern, Kettens\u00e4gen, Generatoren bis zu Freischneidern. Cataclean&#8230;<\/p>\n","protected":false},"featured_media":1359,"comment_status":"closed","ping_status":"closed","template":"","meta":{"_acf_changed":false},"product_cat":[35],"product_tag":[],"class_list":["post-968","product","type-product","status-publish","has-post-thumbnail","hentry","product_cat-cataclean-de"],"acf":[],"yoast_head":"<!-- This site is optimized with the Yoast SEO plugin v26.1.1 - https:\/\/yoast.com\/wordpress\/plugins\/seo\/ -->\n<title>Cataclean\u00ae PowerShot Werkzeug &amp; Garten - Cataclean<\/title>\n<meta name=\"robots\" content=\"index, follow, max-snippet:-1, max-image-preview:large, max-video-preview:-1\" \/>\n<link rel=\"canonical\" href=\"https:\/\/cataclean.com\/de\/produkt\/cataclean-powershot-tool-garden\/\" \/>\n<meta property=\"og:locale\" content=\"de_DE\" \/>\n<meta property=\"og:type\" content=\"article\" \/>\n<meta property=\"og:title\" content=\"Cataclean\u00ae PowerShot Werkzeug &amp; Garten - Cataclean\" \/>\n<meta property=\"og:description\" content=\"Kaufen Beschreibung LEICHT ZU STARTEN MEHR DREHMOMENT MEHR KRAFT F\u00dcR 2-TAKT \/ 4-TAKT\u200b GEEIGNET\u200b BESSERE LAUFRUHE Cataclean ist ein Reiniger f\u00fcr das Kraftstoff- und Abgassystem. Cataclean entfernt sch\u00e4dliche Kohlenstoffablagerungen in Ventilen, Einspritzd\u00fcsen und im gesamten Abgassystem. Cataclean\u00ae PowerShot Werkzeug &amp; Garten eignet sich f\u00fcr alle Motoren, von z.\u00a0B. Rasenm\u00e4hern, Kettens\u00e4gen, Generatoren bis zu Freischneidern. Cataclean...\" \/>\n<meta property=\"og:url\" content=\"https:\/\/cataclean.com\/de\/produkt\/cataclean-powershot-tool-garden\/\" \/>\n<meta property=\"og:site_name\" content=\"Cataclean\" \/>\n<meta property=\"article:publisher\" content=\"https:\/\/www.facebook.com\/cataclean\/\" \/>\n<meta property=\"article:modified_time\" content=\"2022-10-25T08:53:44+00:00\" \/>\n<meta property=\"og:image\" content=\"https:\/\/cataclean.com\/wp-content\/uploads\/2022\/01\/c-tool-garden.webp\" \/>\n\t<meta property=\"og:image:width\" content=\"263\" \/>\n\t<meta property=\"og:image:height\" content=\"460\" \/>\n\t<meta property=\"og:image:type\" content=\"image\/webp\" \/>\n<meta name=\"twitter:card\" content=\"summary_large_image\" \/>\n<meta name=\"twitter:site\" content=\"@Catacleanuk\" \/>\n<meta name=\"twitter:label1\" content=\"Gesch\u00e4tzte Lesezeit\" \/>\n\t<meta name=\"twitter:data1\" content=\"1\u00a0Minute\" \/>\n<script type=\"application\/ld+json\" class=\"yoast-schema-graph\">{\"@context\":\"https:\/\/schema.org\",\"@graph\":[{\"@type\":\"WebPage\",\"@id\":\"https:\/\/cataclean.com\/de\/produkt\/cataclean-powershot-tool-garden\/\",\"url\":\"https:\/\/cataclean.com\/de\/produkt\/cataclean-powershot-tool-garden\/\",\"name\":\"Cataclean\u00ae PowerShot Werkzeug & Garten - Cataclean\",\"isPartOf\":{\"@id\":\"https:\/\/cataclean.com\/#website\"},\"primaryImageOfPage\":{\"@id\":\"https:\/\/cataclean.com\/de\/produkt\/cataclean-powershot-tool-garden\/#primaryimage\"},\"image\":{\"@id\":\"https:\/\/cataclean.com\/de\/produkt\/cataclean-powershot-tool-garden\/#primaryimage\"},\"thumbnailUrl\":\"https:\/\/cataclean.com\/wp-content\/uploads\/2023\/01\/Cataclean-Power-Shot-Tool-and-Garden-no-collar-1.png\",\"datePublished\":\"2022-01-27T14:17:24+00:00\",\"dateModified\":\"2022-10-25T08:53:44+00:00\",\"breadcrumb\":{\"@id\":\"https:\/\/cataclean.com\/de\/produkt\/cataclean-powershot-tool-garden\/#breadcrumb\"},\"inLanguage\":\"de\",\"potentialAction\":[{\"@type\":\"ReadAction\",\"target\":[\"https:\/\/cataclean.com\/de\/produkt\/cataclean-powershot-tool-garden\/\"]}]},{\"@type\":\"ImageObject\",\"inLanguage\":\"de\",\"@id\":\"https:\/\/cataclean.com\/de\/produkt\/cataclean-powershot-tool-garden\/#primaryimage\",\"url\":\"https:\/\/cataclean.com\/wp-content\/uploads\/2023\/01\/Cataclean-Power-Shot-Tool-and-Garden-no-collar-1.png\",\"contentUrl\":\"https:\/\/cataclean.com\/wp-content\/uploads\/2023\/01\/Cataclean-Power-Shot-Tool-and-Garden-no-collar-1.png\",\"width\":982,\"height\":1718},{\"@type\":\"BreadcrumbList\",\"@id\":\"https:\/\/cataclean.com\/de\/produkt\/cataclean-powershot-tool-garden\/#breadcrumb\",\"itemListElement\":[{\"@type\":\"ListItem\",\"position\":1,\"name\":\"Home\",\"item\":\"https:\/\/cataclean.com\/de\/\"},{\"@type\":\"ListItem\",\"position\":2,\"name\":\"Shop\",\"item\":\"https:\/\/cataclean.com\/shop\/\"},{\"@type\":\"ListItem\",\"position\":3,\"name\":\"Cataclean\u00ae PowerShot Werkzeug &#038; Garten\"}]},{\"@type\":\"WebSite\",\"@id\":\"https:\/\/cataclean.com\/#website\",\"url\":\"https:\/\/cataclean.com\/\",\"name\":\"Cataclean\",\"description\":\"THE COMPLETE FUEL AND EXHAUST SYSTEM CLEANER\",\"publisher\":{\"@id\":\"https:\/\/cataclean.com\/#organization\"},\"potentialAction\":[{\"@type\":\"SearchAction\",\"target\":{\"@type\":\"EntryPoint\",\"urlTemplate\":\"https:\/\/cataclean.com\/?s={search_term_string}\"},\"query-input\":{\"@type\":\"PropertyValueSpecification\",\"valueRequired\":true,\"valueName\":\"search_term_string\"}}],\"inLanguage\":\"de\"},{\"@type\":\"Organization\",\"@id\":\"https:\/\/cataclean.com\/#organization\",\"name\":\"Cataclean\",\"url\":\"https:\/\/cataclean.com\/\",\"logo\":{\"@type\":\"ImageObject\",\"inLanguage\":\"de\",\"@id\":\"https:\/\/cataclean.com\/#\/schema\/logo\/image\/\",\"url\":\"https:\/\/cataclean.com\/wp-content\/uploads\/2022\/01\/cataclean-logo.webp\",\"contentUrl\":\"https:\/\/cataclean.com\/wp-content\/uploads\/2022\/01\/cataclean-logo.webp\",\"width\":460,\"height\":68,\"caption\":\"Cataclean\"},\"image\":{\"@id\":\"https:\/\/cataclean.com\/#\/schema\/logo\/image\/\"},\"sameAs\":[\"https:\/\/www.facebook.com\/cataclean\/\",\"https:\/\/x.com\/Catacleanuk\"]}]}<\/script>\n<!-- \/ Yoast SEO plugin. -->","yoast_head_json":{"title":"Cataclean\u00ae PowerShot Werkzeug & Garten - Cataclean","robots":{"index":"index","follow":"follow","max-snippet":"max-snippet:-1","max-image-preview":"max-image-preview:large","max-video-preview":"max-video-preview:-1"},"canonical":"https:\/\/cataclean.com\/de\/produkt\/cataclean-powershot-tool-garden\/","og_locale":"de_DE","og_type":"article","og_title":"Cataclean\u00ae PowerShot Werkzeug & Garten - Cataclean","og_description":"Kaufen Beschreibung LEICHT ZU STARTEN MEHR DREHMOMENT MEHR KRAFT F\u00dcR 2-TAKT \/ 4-TAKT\u200b GEEIGNET\u200b BESSERE LAUFRUHE Cataclean ist ein Reiniger f\u00fcr das Kraftstoff- und Abgassystem. Cataclean entfernt sch\u00e4dliche Kohlenstoffablagerungen in Ventilen, Einspritzd\u00fcsen und im gesamten Abgassystem. Cataclean\u00ae PowerShot Werkzeug &amp; Garten eignet sich f\u00fcr alle Motoren, von z.\u00a0B. Rasenm\u00e4hern, Kettens\u00e4gen, Generatoren bis zu Freischneidern. Cataclean...","og_url":"https:\/\/cataclean.com\/de\/produkt\/cataclean-powershot-tool-garden\/","og_site_name":"Cataclean","article_publisher":"https:\/\/www.facebook.com\/cataclean\/","article_modified_time":"2022-10-25T08:53:44+00:00","og_image":[{"width":263,"height":460,"url":"https:\/\/cataclean.com\/wp-content\/uploads\/2022\/01\/c-tool-garden.webp","type":"image\/webp"}],"twitter_card":"summary_large_image","twitter_site":"@Catacleanuk","twitter_misc":{"Gesch\u00e4tzte Lesezeit":"1\u00a0Minute"},"schema":{"@context":"https:\/\/schema.org","@graph":[{"@type":"WebPage","@id":"https:\/\/cataclean.com\/de\/produkt\/cataclean-powershot-tool-garden\/","url":"https:\/\/cataclean.com\/de\/produkt\/cataclean-powershot-tool-garden\/","name":"Cataclean\u00ae PowerShot Werkzeug & Garten - Cataclean","isPartOf":{"@id":"https:\/\/cataclean.com\/#website"},"primaryImageOfPage":{"@id":"https:\/\/cataclean.com\/de\/produkt\/cataclean-powershot-tool-garden\/#primaryimage"},"image":{"@id":"https:\/\/cataclean.com\/de\/produkt\/cataclean-powershot-tool-garden\/#primaryimage"},"thumbnailUrl":"https:\/\/cataclean.com\/wp-content\/uploads\/2023\/01\/Cataclean-Power-Shot-Tool-and-Garden-no-collar-1.png","datePublished":"2022-01-27T14:17:24+00:00","dateModified":"2022-10-25T08:53:44+00:00","breadcrumb":{"@id":"https:\/\/cataclean.com\/de\/produkt\/cataclean-powershot-tool-garden\/#breadcrumb"},"inLanguage":"de","potentialAction":[{"@type":"ReadAction","target":["https:\/\/cataclean.com\/de\/produkt\/cataclean-powershot-tool-garden\/"]}]},{"@type":"ImageObject","inLanguage":"de","@id":"https:\/\/cataclean.com\/de\/produkt\/cataclean-powershot-tool-garden\/#primaryimage","url":"https:\/\/cataclean.com\/wp-content\/uploads\/2023\/01\/Cataclean-Power-Shot-Tool-and-Garden-no-collar-1.png","contentUrl":"https:\/\/cataclean.com\/wp-content\/uploads\/2023\/01\/Cataclean-Power-Shot-Tool-and-Garden-no-collar-1.png","width":982,"height":1718},{"@type":"BreadcrumbList","@id":"https:\/\/cataclean.com\/de\/produkt\/cataclean-powershot-tool-garden\/#breadcrumb","itemListElement":[{"@type":"ListItem","position":1,"name":"Home","item":"https:\/\/cataclean.com\/de\/"},{"@type":"ListItem","position":2,"name":"Shop","item":"https:\/\/cataclean.com\/shop\/"},{"@type":"ListItem","position":3,"name":"Cataclean\u00ae PowerShot Werkzeug &#038; Garten"}]},{"@type":"WebSite","@id":"https:\/\/cataclean.com\/#website","url":"https:\/\/cataclean.com\/","name":"Cataclean","description":"THE COMPLETE FUEL AND EXHAUST SYSTEM CLEANER","publisher":{"@id":"https:\/\/cataclean.com\/#organization"},"potentialAction":[{"@type":"SearchAction","target":{"@type":"EntryPoint","urlTemplate":"https:\/\/cataclean.com\/?s={search_term_string}"},"query-input":{"@type":"PropertyValueSpecification","valueRequired":true,"valueName":"search_term_string"}}],"inLanguage":"de"},{"@type":"Organization","@id":"https:\/\/cataclean.com\/#organization","name":"Cataclean","url":"https:\/\/cataclean.com\/","logo":{"@type":"ImageObject","inLanguage":"de","@id":"https:\/\/cataclean.com\/#\/schema\/logo\/image\/","url":"https:\/\/cataclean.com\/wp-content\/uploads\/2022\/01\/cataclean-logo.webp","contentUrl":"https:\/\/cataclean.com\/wp-content\/uploads\/2022\/01\/cataclean-logo.webp","width":460,"height":68,"caption":"Cataclean"},"image":{"@id":"https:\/\/cataclean.com\/#\/schema\/logo\/image\/"},"sameAs":["https:\/\/www.facebook.com\/cataclean\/","https:\/\/x.com\/Catacleanuk"]}]}},"_links":{"self":[{"href":"https:\/\/cataclean.com\/de\/wp-json\/wp\/v2\/product\/968","targetHints":{"allow":["GET"]}}],"collection":[{"href":"https:\/\/cataclean.com\/de\/wp-json\/wp\/v2\/product"}],"about":[{"href":"https:\/\/cataclean.com\/de\/wp-json\/wp\/v2\/types\/product"}],"replies":[{"embeddable":true,"href":"https:\/\/cataclean.com\/de\/wp-json\/wp\/v2\/comments?post=968"}],"wp:featuredmedia":[{"embeddable":true,"href":"https:\/\/cataclean.com\/de\/wp-json\/wp\/v2\/media\/1359"}],"wp:attachment":[{"href":"https:\/\/cataclean.com\/de\/wp-json\/wp\/v2\/media?parent=968"}],"wp:term":[{"taxonomy":"product_cat","embeddable":true,"href":"https:\/\/cataclean.com\/de\/wp-json\/wp\/v2\/product_cat?post=968"},{"taxonomy":"product_tag","embeddable":true,"href":"https:\/\/cataclean.com\/de\/wp-json\/wp\/v2\/product_tag?post=968"}],"curies":[{"name":"wp","href":"https:\/\/api.w.org\/{rel}","templated":true}]}}