{"id":967,"date":"2022-01-27T14:15:08","date_gmt":"2022-01-27T14:15:08","guid":{"rendered":"https:\/\/cataclean.com\/product\/cataclean-powershot-bike\/"},"modified":"2022-10-25T09:56:31","modified_gmt":"2022-10-25T08:56:31","slug":"cataclean-powershot-bike","status":"publish","type":"product","link":"https:\/\/cataclean.com\/de\/produkt\/cataclean-powershot-bike\/","title":{"rendered":"Cataclean\u00ae Powershot Bike"},"content":{"rendered":"<p><a class=\"w-btn us-btn-style_1\" href=\"https:\/\/www.cataclean.shop\/product-page\/cataclean-powershot\" target=\"_blank\" rel=\"noopener\">Kaufen<\/a><\/p>\n<p><strong>Beschreibung<\/strong><\/p>\n<ul>\n<li><span class=\"text-green text-bold\">LEICHT<\/span> ZU STARTEN<\/li>\n<li><span class=\"text-green text-bold\">MEHR<\/span> DREHMOMENT<\/li>\n<li><span class=\"text-green text-bold\">MEHR<\/span> KRAFT<\/li>\n<li><span class=\"text-green text-bold\">F\u00dcR 2-TAKT \/ 4-TAKT<\/span> GEEIGNET<\/li>\n<\/ul>\n<p>Cataclean ist ein Reiniger f\u00fcr das Kraftstoff- und Abgassystem. Cataclean entfernt sch\u00e4dliche Kohlenstoffablagerungen in Ventilen, Einspritzd\u00fcsen und im gesamten Abgassystem. Cataclean PowerShot Bike eignet sich f\u00fcr alle Motorr\u00e4der, von Sportbikes\u00a0\/ Cruisern bis hin zu Motorrollern\u00a0\/ Mopeds und Gel\u00e4ndemotorr\u00e4dern. Cataclean stellt Motorleistung\u00a0\/ Drehmoment und Ansprech\u00adverhalten wieder her. Wenn ein Motorrad \u00fcber den Winter gestanden hat, verbessert eine Behandlung mit Cataclean\u00ae PowerShot Bike das Starten und das Fahrverhalten.<\/p>\n<p>&nbsp;<\/p>\n<p><strong>Gebrauchsanleitung<\/strong><\/p>\n<p>F\u00fcllen Sie den gesamten Inhalt einer Flasche in den Kraftstofftank. Fahren Sie dann mindestens 15\u00a0Minuten lang und tanken Sie bei Bedarf nach. Empfohlenes Verh\u00e4ltnis: eine Flasche <strong>Cataclean\u00ae PowerShot Bike<\/strong> auf etwa \u00bc\u00a0Tankf\u00fcllung (5\u00a0Liter).<\/p>\n<p>F\u00fcr optimale Leistung verwenden Sie <strong>Cataclean\u00ae PowerShot Bike<\/strong> 3-4 Mal pro Jahr. Auch in Diesel\u00admotoren sicher und effektiv.<\/p>\n","protected":false},"excerpt":{"rendered":"<p>Kaufen Beschreibung LEICHT ZU STARTEN MEHR DREHMOMENT MEHR KRAFT F\u00dcR 2-TAKT \/ 4-TAKT GEEIGNET Cataclean ist ein Reiniger f\u00fcr das Kraftstoff- und Abgassystem. Cataclean entfernt sch\u00e4dliche Kohlenstoffablagerungen in Ventilen, Einspritzd\u00fcsen und im gesamten Abgassystem. Cataclean PowerShot Bike eignet sich f\u00fcr alle Motorr\u00e4der, von Sportbikes\u00a0\/ Cruisern bis hin zu Motorrollern\u00a0\/ Mopeds und Gel\u00e4ndemotorr\u00e4dern. Cataclean stellt Motorleistung\u00a0\/&#8230;<\/p>\n","protected":false},"featured_media":1362,"comment_status":"closed","ping_status":"closed","template":"","meta":{"_acf_changed":false},"product_cat":[35],"product_tag":[],"class_list":["post-967","product","type-product","status-publish","has-post-thumbnail","hentry","product_cat-cataclean-de"],"acf":[],"yoast_head":"<!-- This site is optimized with the Yoast SEO plugin v26.1.1 - https:\/\/yoast.com\/wordpress\/plugins\/seo\/ -->\n<title>Cataclean\u00ae Powershot Bike - Cataclean<\/title>\n<meta name=\"robots\" content=\"index, follow, max-snippet:-1, max-image-preview:large, max-video-preview:-1\" \/>\n<link rel=\"canonical\" href=\"https:\/\/cataclean.com\/de\/produkt\/cataclean-powershot-bike\/\" \/>\n<meta property=\"og:locale\" content=\"de_DE\" \/>\n<meta property=\"og:type\" content=\"article\" \/>\n<meta property=\"og:title\" content=\"Cataclean\u00ae Powershot Bike - Cataclean\" \/>\n<meta property=\"og:description\" content=\"Kaufen Beschreibung LEICHT ZU STARTEN MEHR DREHMOMENT MEHR KRAFT F\u00dcR 2-TAKT \/ 4-TAKT GEEIGNET Cataclean ist ein Reiniger f\u00fcr das Kraftstoff- und Abgassystem. Cataclean entfernt sch\u00e4dliche Kohlenstoffablagerungen in Ventilen, Einspritzd\u00fcsen und im gesamten Abgassystem. Cataclean PowerShot Bike eignet sich f\u00fcr alle Motorr\u00e4der, von Sportbikes\u00a0\/ Cruisern bis hin zu Motorrollern\u00a0\/ Mopeds und Gel\u00e4ndemotorr\u00e4dern. Cataclean stellt Motorleistung\u00a0\/...\" \/>\n<meta property=\"og:url\" content=\"https:\/\/cataclean.com\/de\/produkt\/cataclean-powershot-bike\/\" \/>\n<meta property=\"og:site_name\" content=\"Cataclean\" \/>\n<meta property=\"article:publisher\" content=\"https:\/\/www.facebook.com\/cataclean\/\" \/>\n<meta property=\"article:modified_time\" content=\"2022-10-25T08:56:31+00:00\" \/>\n<meta property=\"og:image\" content=\"https:\/\/cataclean.com\/wp-content\/uploads\/2022\/01\/c-bike.webp\" \/>\n\t<meta property=\"og:image:width\" content=\"263\" \/>\n\t<meta property=\"og:image:height\" content=\"460\" \/>\n\t<meta property=\"og:image:type\" content=\"image\/webp\" \/>\n<meta name=\"twitter:card\" content=\"summary_large_image\" \/>\n<meta name=\"twitter:site\" content=\"@Catacleanuk\" \/>\n<meta name=\"twitter:label1\" content=\"Gesch\u00e4tzte Lesezeit\" \/>\n\t<meta name=\"twitter:data1\" content=\"1\u00a0Minute\" \/>\n<script type=\"application\/ld+json\" class=\"yoast-schema-graph\">{\"@context\":\"https:\/\/schema.org\",\"@graph\":[{\"@type\":\"WebPage\",\"@id\":\"https:\/\/cataclean.com\/de\/produkt\/cataclean-powershot-bike\/\",\"url\":\"https:\/\/cataclean.com\/de\/produkt\/cataclean-powershot-bike\/\",\"name\":\"Cataclean\u00ae Powershot Bike - Cataclean\",\"isPartOf\":{\"@id\":\"https:\/\/cataclean.com\/#website\"},\"primaryImageOfPage\":{\"@id\":\"https:\/\/cataclean.com\/de\/produkt\/cataclean-powershot-bike\/#primaryimage\"},\"image\":{\"@id\":\"https:\/\/cataclean.com\/de\/produkt\/cataclean-powershot-bike\/#primaryimage\"},\"thumbnailUrl\":\"https:\/\/cataclean.com\/wp-content\/uploads\/2023\/01\/Cataclean-Bike-Shot-no-collar-1.png\",\"datePublished\":\"2022-01-27T14:15:08+00:00\",\"dateModified\":\"2022-10-25T08:56:31+00:00\",\"breadcrumb\":{\"@id\":\"https:\/\/cataclean.com\/de\/produkt\/cataclean-powershot-bike\/#breadcrumb\"},\"inLanguage\":\"de\",\"potentialAction\":[{\"@type\":\"ReadAction\",\"target\":[\"https:\/\/cataclean.com\/de\/produkt\/cataclean-powershot-bike\/\"]}]},{\"@type\":\"ImageObject\",\"inLanguage\":\"de\",\"@id\":\"https:\/\/cataclean.com\/de\/produkt\/cataclean-powershot-bike\/#primaryimage\",\"url\":\"https:\/\/cataclean.com\/wp-content\/uploads\/2023\/01\/Cataclean-Bike-Shot-no-collar-1.png\",\"contentUrl\":\"https:\/\/cataclean.com\/wp-content\/uploads\/2023\/01\/Cataclean-Bike-Shot-no-collar-1.png\",\"width\":967,\"height\":1692},{\"@type\":\"BreadcrumbList\",\"@id\":\"https:\/\/cataclean.com\/de\/produkt\/cataclean-powershot-bike\/#breadcrumb\",\"itemListElement\":[{\"@type\":\"ListItem\",\"position\":1,\"name\":\"Home\",\"item\":\"https:\/\/cataclean.com\/de\/\"},{\"@type\":\"ListItem\",\"position\":2,\"name\":\"Shop\",\"item\":\"https:\/\/cataclean.com\/shop\/\"},{\"@type\":\"ListItem\",\"position\":3,\"name\":\"Cataclean\u00ae Powershot Bike\"}]},{\"@type\":\"WebSite\",\"@id\":\"https:\/\/cataclean.com\/#website\",\"url\":\"https:\/\/cataclean.com\/\",\"name\":\"Cataclean\",\"description\":\"THE COMPLETE FUEL AND EXHAUST SYSTEM CLEANER\",\"publisher\":{\"@id\":\"https:\/\/cataclean.com\/#organization\"},\"potentialAction\":[{\"@type\":\"SearchAction\",\"target\":{\"@type\":\"EntryPoint\",\"urlTemplate\":\"https:\/\/cataclean.com\/?s={search_term_string}\"},\"query-input\":{\"@type\":\"PropertyValueSpecification\",\"valueRequired\":true,\"valueName\":\"search_term_string\"}}],\"inLanguage\":\"de\"},{\"@type\":\"Organization\",\"@id\":\"https:\/\/cataclean.com\/#organization\",\"name\":\"Cataclean\",\"url\":\"https:\/\/cataclean.com\/\",\"logo\":{\"@type\":\"ImageObject\",\"inLanguage\":\"de\",\"@id\":\"https:\/\/cataclean.com\/#\/schema\/logo\/image\/\",\"url\":\"https:\/\/cataclean.com\/wp-content\/uploads\/2022\/01\/cataclean-logo.webp\",\"contentUrl\":\"https:\/\/cataclean.com\/wp-content\/uploads\/2022\/01\/cataclean-logo.webp\",\"width\":460,\"height\":68,\"caption\":\"Cataclean\"},\"image\":{\"@id\":\"https:\/\/cataclean.com\/#\/schema\/logo\/image\/\"},\"sameAs\":[\"https:\/\/www.facebook.com\/cataclean\/\",\"https:\/\/x.com\/Catacleanuk\"]}]}<\/script>\n<!-- \/ Yoast SEO plugin. -->","yoast_head_json":{"title":"Cataclean\u00ae Powershot Bike - Cataclean","robots":{"index":"index","follow":"follow","max-snippet":"max-snippet:-1","max-image-preview":"max-image-preview:large","max-video-preview":"max-video-preview:-1"},"canonical":"https:\/\/cataclean.com\/de\/produkt\/cataclean-powershot-bike\/","og_locale":"de_DE","og_type":"article","og_title":"Cataclean\u00ae Powershot Bike - Cataclean","og_description":"Kaufen Beschreibung LEICHT ZU STARTEN MEHR DREHMOMENT MEHR KRAFT F\u00dcR 2-TAKT \/ 4-TAKT GEEIGNET Cataclean ist ein Reiniger f\u00fcr das Kraftstoff- und Abgassystem. Cataclean entfernt sch\u00e4dliche Kohlenstoffablagerungen in Ventilen, Einspritzd\u00fcsen und im gesamten Abgassystem. Cataclean PowerShot Bike eignet sich f\u00fcr alle Motorr\u00e4der, von Sportbikes\u00a0\/ Cruisern bis hin zu Motorrollern\u00a0\/ Mopeds und Gel\u00e4ndemotorr\u00e4dern. Cataclean stellt Motorleistung\u00a0\/...","og_url":"https:\/\/cataclean.com\/de\/produkt\/cataclean-powershot-bike\/","og_site_name":"Cataclean","article_publisher":"https:\/\/www.facebook.com\/cataclean\/","article_modified_time":"2022-10-25T08:56:31+00:00","og_image":[{"width":263,"height":460,"url":"https:\/\/cataclean.com\/wp-content\/uploads\/2022\/01\/c-bike.webp","type":"image\/webp"}],"twitter_card":"summary_large_image","twitter_site":"@Catacleanuk","twitter_misc":{"Gesch\u00e4tzte Lesezeit":"1\u00a0Minute"},"schema":{"@context":"https:\/\/schema.org","@graph":[{"@type":"WebPage","@id":"https:\/\/cataclean.com\/de\/produkt\/cataclean-powershot-bike\/","url":"https:\/\/cataclean.com\/de\/produkt\/cataclean-powershot-bike\/","name":"Cataclean\u00ae Powershot Bike - Cataclean","isPartOf":{"@id":"https:\/\/cataclean.com\/#website"},"primaryImageOfPage":{"@id":"https:\/\/cataclean.com\/de\/produkt\/cataclean-powershot-bike\/#primaryimage"},"image":{"@id":"https:\/\/cataclean.com\/de\/produkt\/cataclean-powershot-bike\/#primaryimage"},"thumbnailUrl":"https:\/\/cataclean.com\/wp-content\/uploads\/2023\/01\/Cataclean-Bike-Shot-no-collar-1.png","datePublished":"2022-01-27T14:15:08+00:00","dateModified":"2022-10-25T08:56:31+00:00","breadcrumb":{"@id":"https:\/\/cataclean.com\/de\/produkt\/cataclean-powershot-bike\/#breadcrumb"},"inLanguage":"de","potentialAction":[{"@type":"ReadAction","target":["https:\/\/cataclean.com\/de\/produkt\/cataclean-powershot-bike\/"]}]},{"@type":"ImageObject","inLanguage":"de","@id":"https:\/\/cataclean.com\/de\/produkt\/cataclean-powershot-bike\/#primaryimage","url":"https:\/\/cataclean.com\/wp-content\/uploads\/2023\/01\/Cataclean-Bike-Shot-no-collar-1.png","contentUrl":"https:\/\/cataclean.com\/wp-content\/uploads\/2023\/01\/Cataclean-Bike-Shot-no-collar-1.png","width":967,"height":1692},{"@type":"BreadcrumbList","@id":"https:\/\/cataclean.com\/de\/produkt\/cataclean-powershot-bike\/#breadcrumb","itemListElement":[{"@type":"ListItem","position":1,"name":"Home","item":"https:\/\/cataclean.com\/de\/"},{"@type":"ListItem","position":2,"name":"Shop","item":"https:\/\/cataclean.com\/shop\/"},{"@type":"ListItem","position":3,"name":"Cataclean\u00ae Powershot Bike"}]},{"@type":"WebSite","@id":"https:\/\/cataclean.com\/#website","url":"https:\/\/cataclean.com\/","name":"Cataclean","description":"THE COMPLETE FUEL AND EXHAUST SYSTEM CLEANER","publisher":{"@id":"https:\/\/cataclean.com\/#organization"},"potentialAction":[{"@type":"SearchAction","target":{"@type":"EntryPoint","urlTemplate":"https:\/\/cataclean.com\/?s={search_term_string}"},"query-input":{"@type":"PropertyValueSpecification","valueRequired":true,"valueName":"search_term_string"}}],"inLanguage":"de"},{"@type":"Organization","@id":"https:\/\/cataclean.com\/#organization","name":"Cataclean","url":"https:\/\/cataclean.com\/","logo":{"@type":"ImageObject","inLanguage":"de","@id":"https:\/\/cataclean.com\/#\/schema\/logo\/image\/","url":"https:\/\/cataclean.com\/wp-content\/uploads\/2022\/01\/cataclean-logo.webp","contentUrl":"https:\/\/cataclean.com\/wp-content\/uploads\/2022\/01\/cataclean-logo.webp","width":460,"height":68,"caption":"Cataclean"},"image":{"@id":"https:\/\/cataclean.com\/#\/schema\/logo\/image\/"},"sameAs":["https:\/\/www.facebook.com\/cataclean\/","https:\/\/x.com\/Catacleanuk"]}]}},"_links":{"self":[{"href":"https:\/\/cataclean.com\/de\/wp-json\/wp\/v2\/product\/967","targetHints":{"allow":["GET"]}}],"collection":[{"href":"https:\/\/cataclean.com\/de\/wp-json\/wp\/v2\/product"}],"about":[{"href":"https:\/\/cataclean.com\/de\/wp-json\/wp\/v2\/types\/product"}],"replies":[{"embeddable":true,"href":"https:\/\/cataclean.com\/de\/wp-json\/wp\/v2\/comments?post=967"}],"wp:featuredmedia":[{"embeddable":true,"href":"https:\/\/cataclean.com\/de\/wp-json\/wp\/v2\/media\/1362"}],"wp:attachment":[{"href":"https:\/\/cataclean.com\/de\/wp-json\/wp\/v2\/media?parent=967"}],"wp:term":[{"taxonomy":"product_cat","embeddable":true,"href":"https:\/\/cataclean.com\/de\/wp-json\/wp\/v2\/product_cat?post=967"},{"taxonomy":"product_tag","embeddable":true,"href":"https:\/\/cataclean.com\/de\/wp-json\/wp\/v2\/product_tag?post=967"}],"curies":[{"name":"wp","href":"https:\/\/api.w.org\/{rel}","templated":true}]}}