{"id":947,"date":"2022-01-27T13:54:06","date_gmt":"2022-01-27T13:54:06","guid":{"rendered":"https:\/\/cataclean.com\/?post_type=product&#038;p=947"},"modified":"2022-10-25T10:02:09","modified_gmt":"2022-10-25T09:02:09","slug":"cataclean-benzin","status":"publish","type":"product","link":"https:\/\/cataclean.com\/de\/produkt\/cataclean-benzin\/","title":{"rendered":"Cataclean\u00ae Benzin"},"content":{"rendered":"<p><a class=\"w-btn us-btn-style_1\" href=\"https:\/\/www.cataclean.shop\/product-page\/cataclean-benzin\" target=\"_blank\" rel=\"noopener\">Kaufen<\/a><\/p>\n<p><strong>Beschreibung<\/strong><\/p>\n<ul>\n<li><span class=\"text-green text-bold\">REDUZIERT<\/span> DEN KRAFTSTOFF\u00adVERBRAUCH<\/li>\n<li><span class=\"text-green text-bold\">REDUZIERT<\/span> EMISSIONEN<\/li>\n<li><span class=\"text-green text-bold\">STELLT<\/span>\u00a0DIE MOTORLEISTUNG WIEDER HER<\/li>\n<li><span class=\"text-green text-bold\">SCH\u00dcTZT<\/span>\u00a0UND PFLEGT DEN KATALYSATOR\u200b<\/li>\n<\/ul>\n<p><span lang=\"de-DE\">Cataclean ist ein Reiniger f\u00fcr das Kraftstoff- und Abgassystem. Cataclean entfernt sch\u00e4dliche Kohlenstoffablagerungen in Ventilen, Einspritzd\u00fcsen, Sauer\u00adstoffsensoren, AGR-Ventilen und Katalysatoren. Cataclean kann den Kraftstoffverbrauch senken, Emissionen reduzieren, die Motorleistung wiederherstellen und die Lebensdauer von Motor- und Abgasteilen verl\u00e4ngern.<\/span><\/p>\n<p>&nbsp;<\/p>\n<p><strong>Gebrauchsanleitung<\/strong><\/p>\n<p><span lang=\"de-DE\">Entfernen Sie das Siegel, bevor Sie den gesamten Inhalt einer Flasche <strong>Cataclean\u00ae Benzin<\/strong> in den Kraft\u00adstoff\u00adtank leeren. Fahren Sie dann mindestens 15 Minuten lang und tanken Sie bei Bedarf nach. Empfohlenes Verh\u00e4ltnis: eine 500-ml-Flasche <strong>Cataclean\u00ae Benzin<\/strong> f\u00fcr etwa 15\u00a0Liter Kraftstoff.<\/span><\/p>\n","protected":false},"excerpt":{"rendered":"<p>Kaufen Beschreibung REDUZIERT DEN KRAFTSTOFF\u00adVERBRAUCH REDUZIERT EMISSIONEN STELLT\u00a0DIE MOTORLEISTUNG WIEDER HER SCH\u00dcTZT\u00a0UND PFLEGT DEN KATALYSATOR\u200b Cataclean ist ein Reiniger f\u00fcr das Kraftstoff- und Abgassystem. Cataclean entfernt sch\u00e4dliche Kohlenstoffablagerungen in Ventilen, Einspritzd\u00fcsen, Sauer\u00adstoffsensoren, AGR-Ventilen und Katalysatoren. Cataclean kann den Kraftstoffverbrauch senken, Emissionen reduzieren, die Motorleistung wiederherstellen und die Lebensdauer von Motor- und Abgasteilen verl\u00e4ngern. &nbsp; Gebrauchsanleitung&#8230;<\/p>\n","protected":false},"featured_media":1411,"comment_status":"closed","ping_status":"closed","template":"","meta":{"_acf_changed":false},"product_cat":[35],"product_tag":[],"class_list":["post-947","product","type-product","status-publish","has-post-thumbnail","hentry","product_cat-cataclean-de"],"acf":[],"yoast_head":"<!-- This site is optimized with the Yoast SEO plugin v26.1.1 - https:\/\/yoast.com\/wordpress\/plugins\/seo\/ -->\n<title>Cataclean\u00ae Benzin - Cataclean<\/title>\n<meta name=\"robots\" content=\"index, follow, max-snippet:-1, max-image-preview:large, max-video-preview:-1\" \/>\n<link rel=\"canonical\" href=\"https:\/\/cataclean.com\/de\/produkt\/cataclean-benzin\/\" \/>\n<meta property=\"og:locale\" content=\"de_DE\" \/>\n<meta property=\"og:type\" content=\"article\" \/>\n<meta property=\"og:title\" content=\"Cataclean\u00ae Benzin - Cataclean\" \/>\n<meta property=\"og:description\" content=\"Kaufen Beschreibung REDUZIERT DEN KRAFTSTOFF\u00adVERBRAUCH REDUZIERT EMISSIONEN STELLT\u00a0DIE MOTORLEISTUNG WIEDER HER SCH\u00dcTZT\u00a0UND PFLEGT DEN KATALYSATOR\u200b Cataclean ist ein Reiniger f\u00fcr das Kraftstoff- und Abgassystem. Cataclean entfernt sch\u00e4dliche Kohlenstoffablagerungen in Ventilen, Einspritzd\u00fcsen, Sauer\u00adstoffsensoren, AGR-Ventilen und Katalysatoren. Cataclean kann den Kraftstoffverbrauch senken, Emissionen reduzieren, die Motorleistung wiederherstellen und die Lebensdauer von Motor- und Abgasteilen verl\u00e4ngern. &nbsp; Gebrauchsanleitung...\" \/>\n<meta property=\"og:url\" content=\"https:\/\/cataclean.com\/de\/produkt\/cataclean-benzin\/\" \/>\n<meta property=\"og:site_name\" content=\"Cataclean\" \/>\n<meta property=\"article:publisher\" content=\"https:\/\/www.facebook.com\/cataclean\/\" \/>\n<meta property=\"article:modified_time\" content=\"2022-10-25T09:02:09+00:00\" \/>\n<meta property=\"og:image\" content=\"https:\/\/cataclean.com\/wp-content\/uploads\/2022\/01\/web-Petrol.png\" \/>\n\t<meta property=\"og:image:width\" content=\"1000\" \/>\n\t<meta property=\"og:image:height\" content=\"1749\" \/>\n\t<meta property=\"og:image:type\" content=\"image\/png\" \/>\n<meta name=\"twitter:card\" content=\"summary_large_image\" \/>\n<meta name=\"twitter:site\" content=\"@Catacleanuk\" \/>\n<meta name=\"twitter:label1\" content=\"Gesch\u00e4tzte Lesezeit\" \/>\n\t<meta name=\"twitter:data1\" content=\"1\u00a0Minute\" \/>\n<script type=\"application\/ld+json\" class=\"yoast-schema-graph\">{\"@context\":\"https:\/\/schema.org\",\"@graph\":[{\"@type\":\"WebPage\",\"@id\":\"https:\/\/cataclean.com\/de\/produkt\/cataclean-benzin\/\",\"url\":\"https:\/\/cataclean.com\/de\/produkt\/cataclean-benzin\/\",\"name\":\"Cataclean\u00ae Benzin - Cataclean\",\"isPartOf\":{\"@id\":\"https:\/\/cataclean.com\/#website\"},\"primaryImageOfPage\":{\"@id\":\"https:\/\/cataclean.com\/de\/produkt\/cataclean-benzin\/#primaryimage\"},\"image\":{\"@id\":\"https:\/\/cataclean.com\/de\/produkt\/cataclean-benzin\/#primaryimage\"},\"thumbnailUrl\":\"https:\/\/cataclean.com\/wp-content\/uploads\/2022\/01\/web-Petrol.png\",\"datePublished\":\"2022-01-27T13:54:06+00:00\",\"dateModified\":\"2022-10-25T09:02:09+00:00\",\"breadcrumb\":{\"@id\":\"https:\/\/cataclean.com\/de\/produkt\/cataclean-benzin\/#breadcrumb\"},\"inLanguage\":\"de\",\"potentialAction\":[{\"@type\":\"ReadAction\",\"target\":[\"https:\/\/cataclean.com\/de\/produkt\/cataclean-benzin\/\"]}]},{\"@type\":\"ImageObject\",\"inLanguage\":\"de\",\"@id\":\"https:\/\/cataclean.com\/de\/produkt\/cataclean-benzin\/#primaryimage\",\"url\":\"https:\/\/cataclean.com\/wp-content\/uploads\/2022\/01\/web-Petrol.png\",\"contentUrl\":\"https:\/\/cataclean.com\/wp-content\/uploads\/2022\/01\/web-Petrol.png\",\"width\":1000,\"height\":1749},{\"@type\":\"BreadcrumbList\",\"@id\":\"https:\/\/cataclean.com\/de\/produkt\/cataclean-benzin\/#breadcrumb\",\"itemListElement\":[{\"@type\":\"ListItem\",\"position\":1,\"name\":\"Home\",\"item\":\"https:\/\/cataclean.com\/de\/\"},{\"@type\":\"ListItem\",\"position\":2,\"name\":\"Shop\",\"item\":\"https:\/\/cataclean.com\/shop\/\"},{\"@type\":\"ListItem\",\"position\":3,\"name\":\"Cataclean\u00ae Benzin\"}]},{\"@type\":\"WebSite\",\"@id\":\"https:\/\/cataclean.com\/#website\",\"url\":\"https:\/\/cataclean.com\/\",\"name\":\"Cataclean\",\"description\":\"THE COMPLETE FUEL AND EXHAUST SYSTEM CLEANER\",\"publisher\":{\"@id\":\"https:\/\/cataclean.com\/#organization\"},\"potentialAction\":[{\"@type\":\"SearchAction\",\"target\":{\"@type\":\"EntryPoint\",\"urlTemplate\":\"https:\/\/cataclean.com\/?s={search_term_string}\"},\"query-input\":{\"@type\":\"PropertyValueSpecification\",\"valueRequired\":true,\"valueName\":\"search_term_string\"}}],\"inLanguage\":\"de\"},{\"@type\":\"Organization\",\"@id\":\"https:\/\/cataclean.com\/#organization\",\"name\":\"Cataclean\",\"url\":\"https:\/\/cataclean.com\/\",\"logo\":{\"@type\":\"ImageObject\",\"inLanguage\":\"de\",\"@id\":\"https:\/\/cataclean.com\/#\/schema\/logo\/image\/\",\"url\":\"https:\/\/cataclean.com\/wp-content\/uploads\/2022\/01\/cataclean-logo.webp\",\"contentUrl\":\"https:\/\/cataclean.com\/wp-content\/uploads\/2022\/01\/cataclean-logo.webp\",\"width\":460,\"height\":68,\"caption\":\"Cataclean\"},\"image\":{\"@id\":\"https:\/\/cataclean.com\/#\/schema\/logo\/image\/\"},\"sameAs\":[\"https:\/\/www.facebook.com\/cataclean\/\",\"https:\/\/x.com\/Catacleanuk\"]}]}<\/script>\n<!-- \/ Yoast SEO plugin. -->","yoast_head_json":{"title":"Cataclean\u00ae Benzin - Cataclean","robots":{"index":"index","follow":"follow","max-snippet":"max-snippet:-1","max-image-preview":"max-image-preview:large","max-video-preview":"max-video-preview:-1"},"canonical":"https:\/\/cataclean.com\/de\/produkt\/cataclean-benzin\/","og_locale":"de_DE","og_type":"article","og_title":"Cataclean\u00ae Benzin - Cataclean","og_description":"Kaufen Beschreibung REDUZIERT DEN KRAFTSTOFF\u00adVERBRAUCH REDUZIERT EMISSIONEN STELLT\u00a0DIE MOTORLEISTUNG WIEDER HER SCH\u00dcTZT\u00a0UND PFLEGT DEN KATALYSATOR\u200b Cataclean ist ein Reiniger f\u00fcr das Kraftstoff- und Abgassystem. Cataclean entfernt sch\u00e4dliche Kohlenstoffablagerungen in Ventilen, Einspritzd\u00fcsen, Sauer\u00adstoffsensoren, AGR-Ventilen und Katalysatoren. Cataclean kann den Kraftstoffverbrauch senken, Emissionen reduzieren, die Motorleistung wiederherstellen und die Lebensdauer von Motor- und Abgasteilen verl\u00e4ngern. &nbsp; Gebrauchsanleitung...","og_url":"https:\/\/cataclean.com\/de\/produkt\/cataclean-benzin\/","og_site_name":"Cataclean","article_publisher":"https:\/\/www.facebook.com\/cataclean\/","article_modified_time":"2022-10-25T09:02:09+00:00","og_image":[{"width":1000,"height":1749,"url":"https:\/\/cataclean.com\/wp-content\/uploads\/2022\/01\/web-Petrol.png","type":"image\/png"}],"twitter_card":"summary_large_image","twitter_site":"@Catacleanuk","twitter_misc":{"Gesch\u00e4tzte Lesezeit":"1\u00a0Minute"},"schema":{"@context":"https:\/\/schema.org","@graph":[{"@type":"WebPage","@id":"https:\/\/cataclean.com\/de\/produkt\/cataclean-benzin\/","url":"https:\/\/cataclean.com\/de\/produkt\/cataclean-benzin\/","name":"Cataclean\u00ae Benzin - Cataclean","isPartOf":{"@id":"https:\/\/cataclean.com\/#website"},"primaryImageOfPage":{"@id":"https:\/\/cataclean.com\/de\/produkt\/cataclean-benzin\/#primaryimage"},"image":{"@id":"https:\/\/cataclean.com\/de\/produkt\/cataclean-benzin\/#primaryimage"},"thumbnailUrl":"https:\/\/cataclean.com\/wp-content\/uploads\/2022\/01\/web-Petrol.png","datePublished":"2022-01-27T13:54:06+00:00","dateModified":"2022-10-25T09:02:09+00:00","breadcrumb":{"@id":"https:\/\/cataclean.com\/de\/produkt\/cataclean-benzin\/#breadcrumb"},"inLanguage":"de","potentialAction":[{"@type":"ReadAction","target":["https:\/\/cataclean.com\/de\/produkt\/cataclean-benzin\/"]}]},{"@type":"ImageObject","inLanguage":"de","@id":"https:\/\/cataclean.com\/de\/produkt\/cataclean-benzin\/#primaryimage","url":"https:\/\/cataclean.com\/wp-content\/uploads\/2022\/01\/web-Petrol.png","contentUrl":"https:\/\/cataclean.com\/wp-content\/uploads\/2022\/01\/web-Petrol.png","width":1000,"height":1749},{"@type":"BreadcrumbList","@id":"https:\/\/cataclean.com\/de\/produkt\/cataclean-benzin\/#breadcrumb","itemListElement":[{"@type":"ListItem","position":1,"name":"Home","item":"https:\/\/cataclean.com\/de\/"},{"@type":"ListItem","position":2,"name":"Shop","item":"https:\/\/cataclean.com\/shop\/"},{"@type":"ListItem","position":3,"name":"Cataclean\u00ae Benzin"}]},{"@type":"WebSite","@id":"https:\/\/cataclean.com\/#website","url":"https:\/\/cataclean.com\/","name":"Cataclean","description":"THE COMPLETE FUEL AND EXHAUST SYSTEM CLEANER","publisher":{"@id":"https:\/\/cataclean.com\/#organization"},"potentialAction":[{"@type":"SearchAction","target":{"@type":"EntryPoint","urlTemplate":"https:\/\/cataclean.com\/?s={search_term_string}"},"query-input":{"@type":"PropertyValueSpecification","valueRequired":true,"valueName":"search_term_string"}}],"inLanguage":"de"},{"@type":"Organization","@id":"https:\/\/cataclean.com\/#organization","name":"Cataclean","url":"https:\/\/cataclean.com\/","logo":{"@type":"ImageObject","inLanguage":"de","@id":"https:\/\/cataclean.com\/#\/schema\/logo\/image\/","url":"https:\/\/cataclean.com\/wp-content\/uploads\/2022\/01\/cataclean-logo.webp","contentUrl":"https:\/\/cataclean.com\/wp-content\/uploads\/2022\/01\/cataclean-logo.webp","width":460,"height":68,"caption":"Cataclean"},"image":{"@id":"https:\/\/cataclean.com\/#\/schema\/logo\/image\/"},"sameAs":["https:\/\/www.facebook.com\/cataclean\/","https:\/\/x.com\/Catacleanuk"]}]}},"_links":{"self":[{"href":"https:\/\/cataclean.com\/de\/wp-json\/wp\/v2\/product\/947","targetHints":{"allow":["GET"]}}],"collection":[{"href":"https:\/\/cataclean.com\/de\/wp-json\/wp\/v2\/product"}],"about":[{"href":"https:\/\/cataclean.com\/de\/wp-json\/wp\/v2\/types\/product"}],"replies":[{"embeddable":true,"href":"https:\/\/cataclean.com\/de\/wp-json\/wp\/v2\/comments?post=947"}],"wp:featuredmedia":[{"embeddable":true,"href":"https:\/\/cataclean.com\/de\/wp-json\/wp\/v2\/media\/1411"}],"wp:attachment":[{"href":"https:\/\/cataclean.com\/de\/wp-json\/wp\/v2\/media?parent=947"}],"wp:term":[{"taxonomy":"product_cat","embeddable":true,"href":"https:\/\/cataclean.com\/de\/wp-json\/wp\/v2\/product_cat?post=947"},{"taxonomy":"product_tag","embeddable":true,"href":"https:\/\/cataclean.com\/de\/wp-json\/wp\/v2\/product_tag?post=947"}],"curies":[{"name":"wp","href":"https:\/\/api.w.org\/{rel}","templated":true}]}}