{"id":923,"date":"2022-01-25T12:22:38","date_gmt":"2022-01-25T12:22:38","guid":{"rendered":"https:\/\/cataclean.com\/wirkungsweise\/"},"modified":"2022-06-06T20:34:02","modified_gmt":"2022-06-06T19:34:02","slug":"wirkungsweise","status":"publish","type":"page","link":"https:\/\/cataclean.com\/de\/wirkungsweise\/","title":{"rendered":"Wirkungsweise"},"content":{"rendered":"<style data-type=\"us_custom-css\">.click-me a{text-decoration:underline;color:#ffffff}<\/style><section class=\"l-section wpb_row us_custom_734fd479 has_text_color height_medium\"><div class=\"l-section-h i-cf\"><div class=\"g-cols vc_row via_flex valign_top type_default stacking_default\"><div class=\"vc_col-sm-12 wpb_column vc_column_container\"><div class=\"vc_column-inner\"><div class=\"wpb_wrapper\"><div class=\"wpb_text_column click-me\"><div class=\"wpb_wrapper\"><p style=\"text-align: center;\"><strong>Aktuelle Infos f\u00fcr Wiederverk\u00e4ufer und Vertriebsh\u00e4ndler.\u00a0<a href=\"https:\/\/cataclean.com\/tool-connection-news\/\" rel=\"noopener\">HIER KLICKEN<\/a><\/strong><\/p>\n<\/div><\/div><\/div><\/div><\/div><\/div><\/div><\/section>\n<section class=\"l-section wpb_row us_custom_6f8fea47 banner height_medium\"><div class=\"l-section-h i-cf\"><div class=\"g-cols vc_row via_flex valign_top type_default stacking_default\"><div class=\"vc_col-sm-12 wpb_column vc_column_container\"><div class=\"vc_column-inner us_custom_b3be410f\"><div class=\"wpb_wrapper\"><div class=\"wpb_text_column us_custom_e4db3b61 has_text_color\"><div class=\"wpb_wrapper\"><h1>Wirkungsweise<\/h1>\n<\/div><\/div>[vc_raw_js]JTNDc2NyaXB0JTNFJTBBdmFyJTIwJTI0JTIwJTNEJTIwalF1ZXJ5JTNCJTBBJTBBJTI0JTI4ZG9jdW1lbnQlMjkucmVhZHklMjhmdW5jdGlvbiUyOCUyOSUyMCU3QiUwQSUyMCUyMCUyMGxldCUyMGVsZW1lbnQlMjAlM0QlMjAlNjAlM0NkaXYlMjBjbGFzcyUzRCUyMmJhci1ncmVlbiUyMiUzRSUzQyUyRmRpdiUzRSU2MCUzQiUwQSUyMCUyMCUyMCUyNCUyOCUyNy5iYW5uZXIlMjclMjkuYXBwZW5kJTI4ZWxlbWVudCUyOSUzQiUwQSU3RCUyOSUzQiUwQSUwQSUzQyUyRnNjcmlwdCUzRQ==[\/vc_raw_js]<\/div><\/div><\/div><\/div><\/div><\/section><section class=\"l-section wpb_row height_medium\"><div class=\"l-section-h i-cf\"><div class=\"g-cols vc_row via_flex valign_top type_default stacking_default\"><div class=\"vc_col-sm-6 wpb_column vc_column_container\"><div class=\"vc_column-inner\"><div class=\"wpb_wrapper\"><div class=\"w-video align_none ratio_16x9\" onclick=\"return {&quot;player_html&quot;:&quot;&lt;iframe class=\\&quot;wp-embedded-content\\&quot; sandbox=\\&quot;allow-scripts\\&quot; security=\\&quot;restricted\\&quot; title=\\&quot;How cataclean works final_DE_SRT\\&quot; src=\\&quot;https:\\\/\\\/streamable.com\\\/o\\\/xfqlcw#?secret=U9qCaQaFEY\\&quot; data-secret=\\&quot;U9qCaQaFEY\\&quot; frameborder=\\&quot;0\\&quot; scrolling=\\&quot;no\\&quot; width=\\&quot;1280\\&quot; height=\\&quot;720\\&quot;&gt;&lt;\\\/iframe&gt;&quot;}\"><div class=\"w-video-h\"><\/div><div class=\"w-video-icon\" style=\"font-size:1.5rem;background:rgba(0,0,0,0.5);color:#fff\"><\/div><\/div><\/div><\/div><\/div><div class=\"vc_col-sm-6 wpb_column vc_column_container\"><div class=\"vc_column-inner\"><div class=\"wpb_wrapper\"><div class=\"wpb_text_column us_custom_30cde5fb has_text_color\"><div class=\"wpb_wrapper\"><h2 class=\"font_2\">Die Wirkungsweise von Cataclean<\/h2>\n<\/div><\/div><div class=\"wpb_text_column\"><div class=\"wpb_wrapper\"><p><strong>Kohlenstoffablagerungen sind ein normales Nebenprodukt von Verbrennungsprozessen. In Fahrzeugen k\u00f6nnen sie Probleme verursachen, die zu unn\u00f6tigen Ausfallzeiten und schlechterer Leistung f\u00fchren k\u00f6nnen. Cataclean kann dies verhindern.<\/strong><\/p>\n<p>Cataclean wird in den Kraftstoff-tank gegeben, ver\u00e4ndert jedoch nicht die Zusammensetzung des Kraftstoffs. Cataclean wird mit dem Kraftstoff durch das Kraftstoff-system transportiert und entfernt die Kohlenstoffablagerungen, sobald es mit diesen in Ber\u00fchrung kommt. Die Reinigungsformel von Cataclean kann alles reinigen, womit der Kraftstoff in Kontakt kommt, einschlie\u00dflich der Einspritz-d\u00fcsen, Zylinderk\u00f6pfe, Einlass-ventile und Sauerstoffsensoren. Bei der Verbrennung im Verbren-nungsraum erzeugt Cataclean einen s\u00e4urehaltigen Dampf, der Carbons\u00e4uren enth\u00e4lt und das System weiter durchl\u00e4uft, um das Abgassystem einschlie\u00dflich Katalysator und DPF\/PPF von Kohlenstoff zu reinigen.<\/p>\n<p>Ein sauberes Kraftstoff- und Abgassystem kann unter anderem folgende Vorteile bieten: reduzierte Emissionen, wieder-hergestellte Motorleistung und verbesserter Kraftstoffverbrauch. Ein sauberes Kraftstoff- und Abgassystem kann auch die Lebensdauer der Fahrzeug-komponenten verl\u00e4ngern.<\/p>\n<\/div><\/div><\/div><\/div><\/div><\/div><\/div><\/section><section class=\"l-section wpb_row height_medium\"><div class=\"l-section-h i-cf\"><div class=\"g-cols vc_row via_flex valign_top type_default reversed stacking_default\"><div class=\"vc_col-sm-6 wpb_column vc_column_container\"><div class=\"vc_column-inner\"><div class=\"wpb_wrapper\"><div class=\"wpb_text_column us_custom_30cde5fb has_text_color\"><div class=\"wpb_wrapper\"><h2 class=\"font_2\">Fl\u00fcssige Wissenschaft f\u00fcr die Langlebigkeit Ihres Fahrzeugs<\/h2>\n<\/div><\/div><div class=\"wpb_text_column\"><div class=\"wpb_wrapper\"><p><strong>Cataclean enth\u00e4lt L\u00f6sungsmittel, welche die durch Oxidation und Polymerisation von Kohlenwasser-stoffen in Kraftstoffsystemen entstandenen Ablagerungen abbauen k\u00f6nnen.<\/strong><\/p>\n<p>Cataclean enth\u00e4lt auch Aceton, das daf\u00fcr bekannt ist, die Effizienz der Kraftstoffverbrennung zu verbessern. Aceton wurde in Rennwagen eingesetzt, um die Oktanzahl zu erh\u00f6hen und den Kraftstoff gleichm\u00e4\u00dfiger und vollst\u00e4ndiger zu verbrennen. Bei der Verbrennung von Cataclean werden Carbons\u00e4uren, Aldehyde und aktive Peroxyverbindungen gebildet. Diese Verbindungen in den Abgasd\u00e4mpfen reinigen die Oberfl\u00e4chen im Inneren des Katalysators. Das Ergebnis ist die Entfernung von Ablagerungen von der Oberfl\u00e4che des Kerns, was die F\u00e4higkeit des Katalysators erh\u00f6ht, sch\u00e4dliche Abgasemissionen wie Kohlenmonoxid und Stickoxide zu entfernen. Cataclean ver\u00e4ndert nicht die Kraftstoffzusammen-setzung.<\/p>\n<p><strong>Cataclean kann in allen Benzin-, Diesel- und Hybridmotoren sicher verwendet werden.<\/strong><\/p>\n<\/div><\/div><\/div><\/div><\/div><div class=\"vc_col-sm-6 wpb_column vc_column_container\"><div class=\"vc_column-inner\"><div class=\"wpb_wrapper\"><div class=\"w-image align_none\"><div class=\"w-image-h\"><img loading=\"lazy\" decoding=\"async\" width=\"540\" height=\"406\" src=\"https:\/\/cataclean.com\/wp-content\/uploads\/2022\/01\/how-it-works-1.webp\" class=\"attachment-large size-large\" alt=\"\" srcset=\"https:\/\/cataclean.com\/wp-content\/uploads\/2022\/01\/how-it-works-1.webp 540w, https:\/\/cataclean.com\/wp-content\/uploads\/2022\/01\/how-it-works-1-300x226.webp 300w\" sizes=\"auto, (max-width: 540px) 100vw, 540px\" \/><\/div><\/div><\/div><\/div><\/div><\/div><\/div><\/section><section class=\"l-section wpb_row height_medium\"><div class=\"l-section-h i-cf\"><div class=\"g-cols vc_row via_flex valign_top type_default stacking_default\"><div class=\"vc_col-sm-6 wpb_column vc_column_container\"><div class=\"vc_column-inner\"><div class=\"wpb_wrapper\"><div class=\"w-image align_none\"><div class=\"w-image-h\"><img loading=\"lazy\" decoding=\"async\" width=\"530\" height=\"252\" src=\"https:\/\/cataclean.com\/wp-content\/uploads\/2022\/01\/how-it-works-2.webp\" class=\"attachment-large size-large\" alt=\"\" srcset=\"https:\/\/cataclean.com\/wp-content\/uploads\/2022\/01\/how-it-works-2.webp 530w, https:\/\/cataclean.com\/wp-content\/uploads\/2022\/01\/how-it-works-2-300x143.webp 300w\" sizes=\"auto, (max-width: 530px) 100vw, 530px\" \/><\/div><\/div><\/div><\/div><\/div><div class=\"vc_col-sm-6 wpb_column vc_column_container\"><div class=\"vc_column-inner\"><div class=\"wpb_wrapper\"><div class=\"wpb_text_column us_custom_30cde5fb has_text_color\"><div class=\"wpb_wrapper\"><h2 class=\"font_2\">So wirkt Cataclean im Katalysator<\/h2>\n<\/div><\/div><div class=\"wpb_text_column\"><div class=\"wpb_wrapper\"><p><strong><span lang=\"de-DE\">Cataclean enth\u00e4lt L\u00f6sungsmittel, die Ablagerungen abbauen k\u00f6nnen, welche durch Oxidation und Poly\u00admerisation von Kohlenwasser\u00adstoffen in Kraftstoffsystemen entstehen.<\/span><\/strong><\/p>\n<p><span lang=\"de-DE\">Cataclean enth\u00e4lt auch Aceton, das daf\u00fcr bekannt ist, die Effizienz der Kraftstoffverbrennung zu verbessern. Aceton wurde in Rennwagen eingesetzt, um die Oktanzahl zu erh\u00f6hen und den Kraftstoff gleichm\u00e4\u00dfiger und vollst\u00e4ndiger zu verbrennen. Bei der Verbrennung von Cataclean werden Carbons\u00e4uren, Aldehyde und aktive Peroxyverbindungen gebildet. Diese Verbindungen in den Abgasd\u00e4mpfen reinigen die Oberfl\u00e4chen im Inneren des Katalysators. Das Ergebnis ist die Entfernung von Ablagerungen von der Oberfl\u00e4che des Kerns, was die F\u00e4higkeit des Katalysators erh\u00f6ht, sch\u00e4dliche Abgas\u00ademissionen wie Kohlenmonoxid und Stickoxide zu entfernen. Cataclean ver\u00e4ndert nicht die Kraftstoffzusammen\u00adsetzung.<\/span><\/p>\n<p><span lang=\"de-DE\">Cataclean kann in allen Benzin-, Diesel- und Hybridmotoren sicher verwendet werden.<\/span><\/p>\n<\/div><\/div><\/div><\/div><\/div><\/div><\/div><\/section>\n","protected":false},"excerpt":{"rendered":"Aktuelle Infos f\u00fcr Wiederverk\u00e4ufer und Vertriebsh\u00e4ndler.\u00a0HIER KLICKEN Wirkungsweise [vc_raw_js]JTNDc2NyaXB0JTNFJTBBdmFyJTIwJTI0JTIwJTNEJTIwalF1ZXJ5JTNCJTBBJTBBJTI0JTI4ZG9jdW1lbnQlMjkucmVhZHklMjhmdW5jdGlvbiUyOCUyOSUyMCU3QiUwQSUyMCUyMCUyMGxldCUyMGVsZW1lbnQlMjAlM0QlMjAlNjAlM0NkaXYlMjBjbGFzcyUzRCUyMmJhci1ncmVlbiUyMiUzRSUzQyUyRmRpdiUzRSU2MCUzQiUwQSUyMCUyMCUyMCUyNCUyOCUyNy5iYW5uZXIlMjclMjkuYXBwZW5kJTI4ZWxlbWVudCUyOSUzQiUwQSU3RCUyOSUzQiUwQSUwQSUzQyUyRnNjcmlwdCUzRQ==[\/vc_raw_js]Die Wirkungsweise von Cataclean Kohlenstoffablagerungen sind ein normales Nebenprodukt von Verbrennungsprozessen. In Fahrzeugen k\u00f6nnen sie Probleme verursachen, die zu unn\u00f6tigen Ausfallzeiten und schlechterer Leistung f\u00fchren k\u00f6nnen. Cataclean kann dies verhindern. Cataclean wird in den Kraftstoff-tank gegeben, ver\u00e4ndert jedoch nicht die Zusammensetzung des Kraftstoffs. Cataclean wird mit dem...","protected":false},"author":1,"featured_media":0,"parent":0,"menu_order":0,"comment_status":"closed","ping_status":"closed","template":"","meta":{"_acf_changed":false,"footnotes":""},"class_list":["post-923","page","type-page","status-publish","hentry"],"acf":[],"yoast_head":"<!-- This site is optimized with the Yoast SEO plugin v26.1.1 - https:\/\/yoast.com\/wordpress\/plugins\/seo\/ -->\n<title>Wirkungsweise - Cataclean<\/title>\n<meta name=\"robots\" content=\"index, follow, max-snippet:-1, max-image-preview:large, max-video-preview:-1\" \/>\n<link rel=\"canonical\" href=\"https:\/\/cataclean.com\/de\/wirkungsweise\/\" \/>\n<meta property=\"og:locale\" content=\"de_DE\" \/>\n<meta property=\"og:type\" content=\"article\" \/>\n<meta property=\"og:title\" content=\"Wirkungsweise - Cataclean\" \/>\n<meta property=\"og:url\" content=\"https:\/\/cataclean.com\/de\/wirkungsweise\/\" \/>\n<meta property=\"og:site_name\" content=\"Cataclean\" \/>\n<meta property=\"article:publisher\" content=\"https:\/\/www.facebook.com\/cataclean\/\" \/>\n<meta property=\"article:modified_time\" content=\"2022-06-06T19:34:02+00:00\" \/>\n<meta name=\"twitter:card\" content=\"summary_large_image\" \/>\n<meta name=\"twitter:site\" content=\"@Catacleanuk\" \/>\n<meta name=\"twitter:label1\" content=\"Gesch\u00e4tzte Lesezeit\" \/>\n\t<meta name=\"twitter:data1\" content=\"4\u00a0Minuten\" \/>\n<script type=\"application\/ld+json\" class=\"yoast-schema-graph\">{\"@context\":\"https:\/\/schema.org\",\"@graph\":[{\"@type\":\"WebPage\",\"@id\":\"https:\/\/cataclean.com\/de\/wirkungsweise\/\",\"url\":\"https:\/\/cataclean.com\/de\/wirkungsweise\/\",\"name\":\"Wirkungsweise - Cataclean\",\"isPartOf\":{\"@id\":\"https:\/\/cataclean.com\/#website\"},\"datePublished\":\"2022-01-25T12:22:38+00:00\",\"dateModified\":\"2022-06-06T19:34:02+00:00\",\"breadcrumb\":{\"@id\":\"https:\/\/cataclean.com\/de\/wirkungsweise\/#breadcrumb\"},\"inLanguage\":\"de\",\"potentialAction\":[{\"@type\":\"ReadAction\",\"target\":[\"https:\/\/cataclean.com\/de\/wirkungsweise\/\"]}]},{\"@type\":\"BreadcrumbList\",\"@id\":\"https:\/\/cataclean.com\/de\/wirkungsweise\/#breadcrumb\",\"itemListElement\":[{\"@type\":\"ListItem\",\"position\":1,\"name\":\"Home\",\"item\":\"https:\/\/cataclean.com\/de\/\"},{\"@type\":\"ListItem\",\"position\":2,\"name\":\"Wirkungsweise\"}]},{\"@type\":\"WebSite\",\"@id\":\"https:\/\/cataclean.com\/#website\",\"url\":\"https:\/\/cataclean.com\/\",\"name\":\"Cataclean\",\"description\":\"THE COMPLETE FUEL AND EXHAUST SYSTEM CLEANER\",\"publisher\":{\"@id\":\"https:\/\/cataclean.com\/#organization\"},\"potentialAction\":[{\"@type\":\"SearchAction\",\"target\":{\"@type\":\"EntryPoint\",\"urlTemplate\":\"https:\/\/cataclean.com\/?s={search_term_string}\"},\"query-input\":{\"@type\":\"PropertyValueSpecification\",\"valueRequired\":true,\"valueName\":\"search_term_string\"}}],\"inLanguage\":\"de\"},{\"@type\":\"Organization\",\"@id\":\"https:\/\/cataclean.com\/#organization\",\"name\":\"Cataclean\",\"url\":\"https:\/\/cataclean.com\/\",\"logo\":{\"@type\":\"ImageObject\",\"inLanguage\":\"de\",\"@id\":\"https:\/\/cataclean.com\/#\/schema\/logo\/image\/\",\"url\":\"https:\/\/cataclean.com\/wp-content\/uploads\/2022\/01\/cataclean-logo.webp\",\"contentUrl\":\"https:\/\/cataclean.com\/wp-content\/uploads\/2022\/01\/cataclean-logo.webp\",\"width\":460,\"height\":68,\"caption\":\"Cataclean\"},\"image\":{\"@id\":\"https:\/\/cataclean.com\/#\/schema\/logo\/image\/\"},\"sameAs\":[\"https:\/\/www.facebook.com\/cataclean\/\",\"https:\/\/x.com\/Catacleanuk\"]}]}<\/script>\n<!-- \/ Yoast SEO plugin. -->","yoast_head_json":{"title":"Wirkungsweise - Cataclean","robots":{"index":"index","follow":"follow","max-snippet":"max-snippet:-1","max-image-preview":"max-image-preview:large","max-video-preview":"max-video-preview:-1"},"canonical":"https:\/\/cataclean.com\/de\/wirkungsweise\/","og_locale":"de_DE","og_type":"article","og_title":"Wirkungsweise - Cataclean","og_url":"https:\/\/cataclean.com\/de\/wirkungsweise\/","og_site_name":"Cataclean","article_publisher":"https:\/\/www.facebook.com\/cataclean\/","article_modified_time":"2022-06-06T19:34:02+00:00","twitter_card":"summary_large_image","twitter_site":"@Catacleanuk","twitter_misc":{"Gesch\u00e4tzte Lesezeit":"4\u00a0Minuten"},"schema":{"@context":"https:\/\/schema.org","@graph":[{"@type":"WebPage","@id":"https:\/\/cataclean.com\/de\/wirkungsweise\/","url":"https:\/\/cataclean.com\/de\/wirkungsweise\/","name":"Wirkungsweise - Cataclean","isPartOf":{"@id":"https:\/\/cataclean.com\/#website"},"datePublished":"2022-01-25T12:22:38+00:00","dateModified":"2022-06-06T19:34:02+00:00","breadcrumb":{"@id":"https:\/\/cataclean.com\/de\/wirkungsweise\/#breadcrumb"},"inLanguage":"de","potentialAction":[{"@type":"ReadAction","target":["https:\/\/cataclean.com\/de\/wirkungsweise\/"]}]},{"@type":"BreadcrumbList","@id":"https:\/\/cataclean.com\/de\/wirkungsweise\/#breadcrumb","itemListElement":[{"@type":"ListItem","position":1,"name":"Home","item":"https:\/\/cataclean.com\/de\/"},{"@type":"ListItem","position":2,"name":"Wirkungsweise"}]},{"@type":"WebSite","@id":"https:\/\/cataclean.com\/#website","url":"https:\/\/cataclean.com\/","name":"Cataclean","description":"THE COMPLETE FUEL AND EXHAUST SYSTEM CLEANER","publisher":{"@id":"https:\/\/cataclean.com\/#organization"},"potentialAction":[{"@type":"SearchAction","target":{"@type":"EntryPoint","urlTemplate":"https:\/\/cataclean.com\/?s={search_term_string}"},"query-input":{"@type":"PropertyValueSpecification","valueRequired":true,"valueName":"search_term_string"}}],"inLanguage":"de"},{"@type":"Organization","@id":"https:\/\/cataclean.com\/#organization","name":"Cataclean","url":"https:\/\/cataclean.com\/","logo":{"@type":"ImageObject","inLanguage":"de","@id":"https:\/\/cataclean.com\/#\/schema\/logo\/image\/","url":"https:\/\/cataclean.com\/wp-content\/uploads\/2022\/01\/cataclean-logo.webp","contentUrl":"https:\/\/cataclean.com\/wp-content\/uploads\/2022\/01\/cataclean-logo.webp","width":460,"height":68,"caption":"Cataclean"},"image":{"@id":"https:\/\/cataclean.com\/#\/schema\/logo\/image\/"},"sameAs":["https:\/\/www.facebook.com\/cataclean\/","https:\/\/x.com\/Catacleanuk"]}]}},"_links":{"self":[{"href":"https:\/\/cataclean.com\/de\/wp-json\/wp\/v2\/pages\/923","targetHints":{"allow":["GET"]}}],"collection":[{"href":"https:\/\/cataclean.com\/de\/wp-json\/wp\/v2\/pages"}],"about":[{"href":"https:\/\/cataclean.com\/de\/wp-json\/wp\/v2\/types\/page"}],"author":[{"embeddable":true,"href":"https:\/\/cataclean.com\/de\/wp-json\/wp\/v2\/users\/1"}],"replies":[{"embeddable":true,"href":"https:\/\/cataclean.com\/de\/wp-json\/wp\/v2\/comments?post=923"}],"version-history":[{"count":8,"href":"https:\/\/cataclean.com\/de\/wp-json\/wp\/v2\/pages\/923\/revisions"}],"predecessor-version":[{"id":1157,"href":"https:\/\/cataclean.com\/de\/wp-json\/wp\/v2\/pages\/923\/revisions\/1157"}],"wp:attachment":[{"href":"https:\/\/cataclean.com\/de\/wp-json\/wp\/v2\/media?parent=923"}],"curies":[{"name":"wp","href":"https:\/\/api.w.org\/{rel}","templated":true}]}}