{"id":920,"date":"2022-01-27T16:04:18","date_gmt":"2022-01-27T16:04:18","guid":{"rendered":"https:\/\/cataclean.com\/produktpalette\/"},"modified":"2022-06-07T13:08:30","modified_gmt":"2022-06-07T12:08:30","slug":"produktpalette","status":"publish","type":"page","link":"https:\/\/cataclean.com\/de\/produktpalette\/","title":{"rendered":"Produktpalette"},"content":{"rendered":"<style data-type=\"us_custom-css\">.click-me a{text-decoration:underline;color:#ffffff}<\/style><section class=\"l-section wpb_row us_custom_734fd479 has_text_color height_medium\"><div class=\"l-section-h i-cf\"><div class=\"g-cols vc_row via_flex valign_top type_default stacking_default\"><div class=\"vc_col-sm-12 wpb_column vc_column_container\"><div class=\"vc_column-inner\"><div class=\"wpb_wrapper\"><div class=\"wpb_text_column click-me\"><div class=\"wpb_wrapper\"><p style=\"text-align: center;\"><strong>Aktuelle Infos f\u00fcr Wiederverk\u00e4ufer und Vertriebsh\u00e4ndler.\u00a0<a href=\"https:\/\/cataclean.com\/tool-connection-news\/\" rel=\"noopener\">HIER KLICKEN<\/a><\/strong><\/p>\n<\/div><\/div><\/div><\/div><\/div><\/div><\/div><\/section>\n<section class=\"l-section wpb_row us_custom_f7ae5776 banner height_medium\"><div class=\"l-section-h i-cf\"><div class=\"g-cols vc_row via_flex valign_top type_default stacking_default\"><div class=\"vc_col-sm-12 wpb_column vc_column_container\"><div class=\"vc_column-inner us_custom_b3be410f\"><div class=\"wpb_wrapper\"><div class=\"wpb_text_column us_custom_e4db3b61 has_text_color\"><div class=\"wpb_wrapper\"><h1>Produktpalette<\/h1>\n<\/div><\/div>[vc_raw_js]JTNDc2NyaXB0JTNFJTBBdmFyJTIwJTI0JTIwJTNEJTIwalF1ZXJ5JTNCJTBBJTBBJTI0JTI4ZG9jdW1lbnQlMjkucmVhZHklMjhmdW5jdGlvbiUyOCUyOSUyMCU3QiUwQSUyMCUyMCUyMGxldCUyMGVsZW1lbnQlMjAlM0QlMjAlNjAlM0NkaXYlMjBjbGFzcyUzRCUyMmJhci1ncmVlbiUyMiUzRSUzQyUyRmRpdiUzRSU2MCUzQiUwQSUyMCUyMCUyMCUyNCUyOCUyNy5iYW5uZXIlMjclMjkuYXBwZW5kJTI4ZWxlbWVudCUyOSUzQiUwQSU3RCUyOSUzQiUwQSUwQSUzQyUyRnNjcmlwdCUzRQ==[\/vc_raw_js]<\/div><\/div><\/div><\/div><\/div><\/section><section class=\"l-section wpb_row height_medium\"><div class=\"l-section-h i-cf\"><div class=\"g-cols vc_row via_flex valign_top type_default stacking_default\"><div class=\"vc_col-sm-12 wpb_column vc_column_container\"><div class=\"vc_column-inner\"><div class=\"wpb_wrapper\"><div class=\"w-grid type_grid layout_779 cols_5\" id=\"us_grid_1\" data-filterable=\"true\"><style>#us_grid_1 .w-grid-item{padding:1.5rem}#us_grid_1 .w-grid-list{margin:-1.5rem}.w-grid + #us_grid_1 .w-grid-list,.w-grid-none + #us_grid_1 .w-grid-list{margin-top:1.5rem}@media (max-width:1199px){#us_grid_1 .w-grid-item{width:33.3333%}}@media (max-width:899px){#us_grid_1 .w-grid-item{width:50%}}@media (max-width:599px){#us_grid_1 .w-grid-list{margin:0}#us_grid_1 .w-grid-item{width:100%;padding:0;margin-bottom:1.5rem}}.layout_779 .w-grid-item-h{}.layout_779 .usg_post_image_1{max-height:300px!important;min-height:300px!important;margin:auto!important}.layout_779 .usg_post_title_1{text-align:center!important;font-size:1.20rem!important;min-height:72px!important;margin-bottom:15px!important}.layout_779 .usg_btn_1{text-align:center!important;font-size:12px!important}.layout_779 .usg_vwrapper_1{text-align:center!important}<\/style><div class=\"w-grid-list\">\t<article class=\"w-grid-item size_1x1 post-947 product type-product status-publish has-post-thumbnail hentry product_cat-cataclean-de\" data-id=\"947\">\r\n\t\t<div class=\"w-grid-item-h\">\r\n\t\t\t\t\t\t<div class=\"w-vwrapper usg_vwrapper_1 align_none valign_top\"><div class=\"w-post-elm post_image usg_post_image_1 product-range-item\"><a href=\"https:\/\/cataclean.com\/de\/produkt\/cataclean-benzin\/\" aria-label=\"Cataclean\u00ae Benzin\"><img loading=\"lazy\" decoding=\"async\" width=\"1000\" height=\"1749\" src=\"https:\/\/cataclean.com\/wp-content\/uploads\/2022\/01\/web-Petrol.png\" class=\"attachment-full size-full wp-post-image\" alt=\"\" srcset=\"https:\/\/cataclean.com\/wp-content\/uploads\/2022\/01\/web-Petrol.png 1000w, https:\/\/cataclean.com\/wp-content\/uploads\/2022\/01\/web-Petrol-172x300.png 172w, https:\/\/cataclean.com\/wp-content\/uploads\/2022\/01\/web-Petrol-585x1024.png 585w, https:\/\/cataclean.com\/wp-content\/uploads\/2022\/01\/web-Petrol-600x1049.png 600w\" sizes=\"auto, (max-width: 1000px) 100vw, 1000px\" \/><\/a><\/div><h5 class=\"w-post-elm post_title usg_post_title_1 woocommerce-loop-product__title color_link_inherit\"><a href=\"https:\/\/cataclean.com\/de\/produkt\/cataclean-benzin\/\">Cataclean\u00ae Benzin<\/a><\/h5><a class=\"w-btn us-btn-style_1 usg_btn_1\" href=\"https:\/\/cataclean.com\/de\/produkt\/cataclean-benzin\/\"><span class=\"w-btn-label\">Mehr Erfahren &#038; Jetzt Kaufen<\/span><\/a><\/div>\t\t<\/div>\r\n\t<\/article>\r\n\t<article class=\"w-grid-item size_1x1 post-965 product type-product status-publish has-post-thumbnail hentry product_cat-cataclean-de\" data-id=\"965\">\r\n\t\t<div class=\"w-grid-item-h\">\r\n\t\t\t\t\t\t<div class=\"w-vwrapper usg_vwrapper_1 align_none valign_top\"><div class=\"w-post-elm post_image usg_post_image_1 product-range-item\"><a href=\"https:\/\/cataclean.com\/de\/produkt\/cataclean-diesel\/\" aria-label=\"Cataclean\u00ae Diesel\"><img loading=\"lazy\" decoding=\"async\" width=\"1000\" height=\"1748\" src=\"https:\/\/cataclean.com\/wp-content\/uploads\/2022\/01\/Web-Diesel.png\" class=\"attachment-full size-full wp-post-image\" alt=\"\" srcset=\"https:\/\/cataclean.com\/wp-content\/uploads\/2022\/01\/Web-Diesel.png 1000w, https:\/\/cataclean.com\/wp-content\/uploads\/2022\/01\/Web-Diesel-172x300.png 172w, https:\/\/cataclean.com\/wp-content\/uploads\/2022\/01\/Web-Diesel-586x1024.png 586w, https:\/\/cataclean.com\/wp-content\/uploads\/2022\/01\/Web-Diesel-600x1049.png 600w\" sizes=\"auto, (max-width: 1000px) 100vw, 1000px\" \/><\/a><\/div><h5 class=\"w-post-elm post_title usg_post_title_1 woocommerce-loop-product__title color_link_inherit\"><a href=\"https:\/\/cataclean.com\/de\/produkt\/cataclean-diesel\/\">Cataclean\u00ae Diesel<\/a><\/h5><a class=\"w-btn us-btn-style_1 usg_btn_1\" href=\"https:\/\/cataclean.com\/de\/produkt\/cataclean-diesel\/\"><span class=\"w-btn-label\">Mehr Erfahren &#038; Jetzt Kaufen<\/span><\/a><\/div>\t\t<\/div>\r\n\t<\/article>\r\n\t<article class=\"w-grid-item size_1x1 post-966 product type-product status-publish has-post-thumbnail hentry product_cat-cataclean-de\" data-id=\"966\">\r\n\t\t<div class=\"w-grid-item-h\">\r\n\t\t\t\t\t\t<div class=\"w-vwrapper usg_vwrapper_1 align_none valign_top\"><div class=\"w-post-elm post_image usg_post_image_1 product-range-item\"><a href=\"https:\/\/cataclean.com\/de\/produkt\/cataclean-hybrid\/\" aria-label=\"Cataclean\u00ae Hybrid\"><img loading=\"lazy\" decoding=\"async\" width=\"1000\" height=\"1749\" src=\"https:\/\/cataclean.com\/wp-content\/uploads\/2022\/01\/Web-Hybrid.png\" class=\"attachment-full size-full wp-post-image\" alt=\"\" srcset=\"https:\/\/cataclean.com\/wp-content\/uploads\/2022\/01\/Web-Hybrid.png 1000w, https:\/\/cataclean.com\/wp-content\/uploads\/2022\/01\/Web-Hybrid-172x300.png 172w, https:\/\/cataclean.com\/wp-content\/uploads\/2022\/01\/Web-Hybrid-585x1024.png 585w, https:\/\/cataclean.com\/wp-content\/uploads\/2022\/01\/Web-Hybrid-600x1049.png 600w\" sizes=\"auto, (max-width: 1000px) 100vw, 1000px\" \/><\/a><\/div><h5 class=\"w-post-elm post_title usg_post_title_1 woocommerce-loop-product__title color_link_inherit\"><a href=\"https:\/\/cataclean.com\/de\/produkt\/cataclean-hybrid\/\">Cataclean\u00ae Hybrid<\/a><\/h5><a class=\"w-btn us-btn-style_1 usg_btn_1\" href=\"https:\/\/cataclean.com\/de\/produkt\/cataclean-hybrid\/\"><span class=\"w-btn-label\">Mehr Erfahren &#038; Jetzt Kaufen<\/span><\/a><\/div>\t\t<\/div>\r\n\t<\/article>\r\n\t<article class=\"w-grid-item size_1x1 post-967 product type-product status-publish has-post-thumbnail hentry product_cat-cataclean-de\" data-id=\"967\">\r\n\t\t<div class=\"w-grid-item-h\">\r\n\t\t\t\t\t\t<div class=\"w-vwrapper usg_vwrapper_1 align_none valign_top\"><div class=\"w-post-elm post_image usg_post_image_1 product-range-item\"><a href=\"https:\/\/cataclean.com\/de\/produkt\/cataclean-powershot-bike\/\" aria-label=\"Cataclean\u00ae Powershot Bike\"><img loading=\"lazy\" decoding=\"async\" width=\"967\" height=\"1692\" src=\"https:\/\/cataclean.com\/wp-content\/uploads\/2023\/01\/Cataclean-Bike-Shot-no-collar-1.png\" class=\"attachment-full size-full wp-post-image\" alt=\"\" srcset=\"https:\/\/cataclean.com\/wp-content\/uploads\/2023\/01\/Cataclean-Bike-Shot-no-collar-1.png 967w, https:\/\/cataclean.com\/wp-content\/uploads\/2023\/01\/Cataclean-Bike-Shot-no-collar-1-171x300.png 171w, https:\/\/cataclean.com\/wp-content\/uploads\/2023\/01\/Cataclean-Bike-Shot-no-collar-1-585x1024.png 585w, https:\/\/cataclean.com\/wp-content\/uploads\/2023\/01\/Cataclean-Bike-Shot-no-collar-1-600x1050.png 600w\" sizes=\"auto, (max-width: 967px) 100vw, 967px\" \/><\/a><\/div><h5 class=\"w-post-elm post_title usg_post_title_1 woocommerce-loop-product__title color_link_inherit\"><a href=\"https:\/\/cataclean.com\/de\/produkt\/cataclean-powershot-bike\/\">Cataclean\u00ae Powershot Bike<\/a><\/h5><a class=\"w-btn us-btn-style_1 usg_btn_1\" href=\"https:\/\/cataclean.com\/de\/produkt\/cataclean-powershot-bike\/\"><span class=\"w-btn-label\">Mehr Erfahren &#038; Jetzt Kaufen<\/span><\/a><\/div>\t\t<\/div>\r\n\t<\/article>\r\n\t<article class=\"w-grid-item size_1x1 post-968 product type-product status-publish has-post-thumbnail hentry product_cat-cataclean-de\" data-id=\"968\">\r\n\t\t<div class=\"w-grid-item-h\">\r\n\t\t\t\t\t\t<div class=\"w-vwrapper usg_vwrapper_1 align_none valign_top\"><div class=\"w-post-elm post_image usg_post_image_1 product-range-item\"><a href=\"https:\/\/cataclean.com\/de\/produkt\/cataclean-powershot-tool-garden\/\" aria-label=\"Cataclean\u00ae PowerShot Werkzeug &#038; Garten\"><img loading=\"lazy\" decoding=\"async\" width=\"982\" height=\"1718\" src=\"https:\/\/cataclean.com\/wp-content\/uploads\/2023\/01\/Cataclean-Power-Shot-Tool-and-Garden-no-collar-1.png\" class=\"attachment-full size-full wp-post-image\" alt=\"\" srcset=\"https:\/\/cataclean.com\/wp-content\/uploads\/2023\/01\/Cataclean-Power-Shot-Tool-and-Garden-no-collar-1.png 982w, https:\/\/cataclean.com\/wp-content\/uploads\/2023\/01\/Cataclean-Power-Shot-Tool-and-Garden-no-collar-1-171x300.png 171w, https:\/\/cataclean.com\/wp-content\/uploads\/2023\/01\/Cataclean-Power-Shot-Tool-and-Garden-no-collar-1-585x1024.png 585w, https:\/\/cataclean.com\/wp-content\/uploads\/2023\/01\/Cataclean-Power-Shot-Tool-and-Garden-no-collar-1-600x1050.png 600w\" sizes=\"auto, (max-width: 982px) 100vw, 982px\" \/><\/a><\/div><h5 class=\"w-post-elm post_title usg_post_title_1 woocommerce-loop-product__title color_link_inherit\"><a href=\"https:\/\/cataclean.com\/de\/produkt\/cataclean-powershot-tool-garden\/\">Cataclean\u00ae PowerShot Werkzeug &#038; Garten<\/a><\/h5><a class=\"w-btn us-btn-style_1 usg_btn_1\" href=\"https:\/\/cataclean.com\/de\/produkt\/cataclean-powershot-tool-garden\/\"><span class=\"w-btn-label\">Mehr Erfahren &#038; Jetzt Kaufen<\/span><\/a><\/div>\t\t<\/div>\r\n\t<\/article>\r\n\t<article class=\"w-grid-item size_1x1 post-18605 product type-product status-publish has-post-thumbnail hentry product_cat-cataclean\" data-id=\"18605\">\r\n\t\t<div class=\"w-grid-item-h\">\r\n\t\t\t\t\t\t<div class=\"w-vwrapper usg_vwrapper_1 align_none valign_top\"><div class=\"w-post-elm post_image usg_post_image_1 product-range-item\"><a href=\"https:\/\/cataclean.com\/de\/product\/cataclean-workshop-5l\/\" aria-label=\"Cataclean Workshop 5L\"><img loading=\"lazy\" decoding=\"async\" width=\"671\" height=\"1000\" src=\"https:\/\/cataclean.com\/wp-content\/uploads\/2025\/05\/Cataclean-workshop-petrol-5L.png\" class=\"attachment-full size-full wp-post-image\" alt=\"\" srcset=\"https:\/\/cataclean.com\/wp-content\/uploads\/2025\/05\/Cataclean-workshop-petrol-5L.png 671w, https:\/\/cataclean.com\/wp-content\/uploads\/2025\/05\/Cataclean-workshop-petrol-5L-201x300.png 201w, https:\/\/cataclean.com\/wp-content\/uploads\/2025\/05\/Cataclean-workshop-petrol-5L-600x894.png 600w\" sizes=\"auto, (max-width: 671px) 100vw, 671px\" \/><\/a><\/div><h5 class=\"w-post-elm post_title usg_post_title_1 woocommerce-loop-product__title color_link_inherit\"><a href=\"https:\/\/cataclean.com\/de\/product\/cataclean-workshop-5l\/\">Cataclean Workshop 5L<\/a><\/h5><a class=\"w-btn us-btn-style_1 usg_btn_1\" href=\"https:\/\/cataclean.com\/de\/product\/cataclean-workshop-5l\/\"><span class=\"w-btn-label\">Mehr Erfahren &#038; Jetzt Kaufen<\/span><\/a><\/div>\t\t<\/div>\r\n\t<\/article>\r\n<\/div><div class=\"w-grid-preloader\"><div class=\"g-preloader type_1\">\r\n\t<div><\/div>\r\n<\/div>\r\n<\/div>\t<div class=\"w-grid-json hidden\" onclick='return {&quot;action&quot;:&quot;us_ajax_grid&quot;,&quot;ajax_url&quot;:&quot;https:\\\/\\\/cataclean.com\\\/wp-admin\\\/admin-ajax.php&quot;,&quot;infinite_scroll&quot;:0,&quot;max_num_pages&quot;:1,&quot;pagination&quot;:&quot;none&quot;,&quot;permalink_url&quot;:&quot;https:\\\/\\\/cataclean.com\\\/de\\\/wp-json\\\/wp\\\/v2\\\/pages\\\/920\\\/&quot;,&quot;template_vars&quot;:{&quot;columns&quot;:&quot;5&quot;,&quot;exclude_items&quot;:&quot;none&quot;,&quot;img_size&quot;:&quot;full&quot;,&quot;ignore_items_size&quot;:false,&quot;items_layout&quot;:&quot;779&quot;,&quot;items_offset&quot;:&quot;1&quot;,&quot;load_animation&quot;:&quot;none&quot;,&quot;overriding_link&quot;:&quot;none&quot;,&quot;post_id&quot;:920,&quot;query_args&quot;:{&quot;post_type&quot;:[&quot;product&quot;],&quot;tax_query&quot;:[{&quot;taxonomy&quot;:&quot;product_cat&quot;,&quot;field&quot;:&quot;slug&quot;,&quot;terms&quot;:[&quot;cataclean-de&quot;]},{&quot;taxonomy&quot;:&quot;product_visibility&quot;,&quot;field&quot;:&quot;slug&quot;,&quot;terms&quot;:[&quot;exclude-from-catalog&quot;],&quot;operator&quot;:&quot;NOT IN&quot;}],&quot;post_status&quot;:[&quot;publish&quot;,&quot;acf-disabled&quot;],&quot;meta_query&quot;:[],&quot;posts_per_page&quot;:&quot;10&quot;},&quot;orderby_query_args&quot;:{&quot;orderby&quot;:{&quot;date&quot;:&quot;ASC&quot;}},&quot;type&quot;:&quot;grid&quot;,&quot;us_grid_ajax_index&quot;:1,&quot;us_grid_filter_params&quot;:null,&quot;us_grid_index&quot;:1,&quot;_us_grid_post_type&quot;:&quot;product&quot;,&quot;lang&quot;:&quot;de&quot;}}'><\/div>\r\n\t<\/div><\/div><\/div><\/div><\/div><\/div><\/section>\n","protected":false},"excerpt":{"rendered":"Workshop Petrol\/Diesel and Hybrid Fuel and Exhaust System Cleaner - 5L Cataclean is a fuel and exhaust system cleaner that removes the harmful carbon build-up in the valves, injectors, oxygen sensors, EGR valve, catalytic converter and Diesel Particulate Filter (DPF). Cataclean can improve fuel economy, reduce emissions, restore performance and extend the life of engine\/exhaust...","protected":false},"author":1,"featured_media":0,"parent":0,"menu_order":0,"comment_status":"closed","ping_status":"closed","template":"","meta":{"_acf_changed":false,"footnotes":""},"class_list":["post-920","page","type-page","status-publish","hentry"],"acf":[],"yoast_head":"<!-- This site is optimized with the Yoast SEO plugin v26.1.1 - https:\/\/yoast.com\/wordpress\/plugins\/seo\/ -->\n<title>Produktpalette - Cataclean<\/title>\n<meta name=\"robots\" content=\"index, follow, max-snippet:-1, max-image-preview:large, max-video-preview:-1\" \/>\n<link rel=\"canonical\" href=\"https:\/\/cataclean.com\/de\/produktpalette\/\" \/>\n<meta property=\"og:locale\" content=\"de_DE\" \/>\n<meta property=\"og:type\" content=\"article\" \/>\n<meta property=\"og:title\" content=\"Produktpalette - Cataclean\" \/>\n<meta property=\"og:url\" content=\"https:\/\/cataclean.com\/de\/produktpalette\/\" \/>\n<meta property=\"og:site_name\" content=\"Cataclean\" \/>\n<meta property=\"article:publisher\" content=\"https:\/\/www.facebook.com\/cataclean\/\" \/>\n<meta property=\"article:modified_time\" content=\"2022-06-07T12:08:30+00:00\" \/>\n<meta name=\"twitter:card\" content=\"summary_large_image\" \/>\n<meta name=\"twitter:site\" content=\"@Catacleanuk\" \/>\n<meta name=\"twitter:label1\" content=\"Gesch\u00e4tzte Lesezeit\" \/>\n\t<meta name=\"twitter:data1\" content=\"1\u00a0Minute\" \/>\n<script type=\"application\/ld+json\" class=\"yoast-schema-graph\">{\"@context\":\"https:\/\/schema.org\",\"@graph\":[{\"@type\":\"WebPage\",\"@id\":\"https:\/\/cataclean.com\/de\/produktpalette\/\",\"url\":\"https:\/\/cataclean.com\/de\/produktpalette\/\",\"name\":\"Produktpalette - Cataclean\",\"isPartOf\":{\"@id\":\"https:\/\/cataclean.com\/#website\"},\"datePublished\":\"2022-01-27T16:04:18+00:00\",\"dateModified\":\"2022-06-07T12:08:30+00:00\",\"breadcrumb\":{\"@id\":\"https:\/\/cataclean.com\/de\/produktpalette\/#breadcrumb\"},\"inLanguage\":\"de\",\"potentialAction\":[{\"@type\":\"ReadAction\",\"target\":[\"https:\/\/cataclean.com\/de\/produktpalette\/\"]}]},{\"@type\":\"BreadcrumbList\",\"@id\":\"https:\/\/cataclean.com\/de\/produktpalette\/#breadcrumb\",\"itemListElement\":[{\"@type\":\"ListItem\",\"position\":1,\"name\":\"Home\",\"item\":\"https:\/\/cataclean.com\/de\/\"},{\"@type\":\"ListItem\",\"position\":2,\"name\":\"Produktpalette\"}]},{\"@type\":\"WebSite\",\"@id\":\"https:\/\/cataclean.com\/#website\",\"url\":\"https:\/\/cataclean.com\/\",\"name\":\"Cataclean\",\"description\":\"THE COMPLETE FUEL AND EXHAUST SYSTEM CLEANER\",\"publisher\":{\"@id\":\"https:\/\/cataclean.com\/#organization\"},\"potentialAction\":[{\"@type\":\"SearchAction\",\"target\":{\"@type\":\"EntryPoint\",\"urlTemplate\":\"https:\/\/cataclean.com\/?s={search_term_string}\"},\"query-input\":{\"@type\":\"PropertyValueSpecification\",\"valueRequired\":true,\"valueName\":\"search_term_string\"}}],\"inLanguage\":\"de\"},{\"@type\":\"Organization\",\"@id\":\"https:\/\/cataclean.com\/#organization\",\"name\":\"Cataclean\",\"url\":\"https:\/\/cataclean.com\/\",\"logo\":{\"@type\":\"ImageObject\",\"inLanguage\":\"de\",\"@id\":\"https:\/\/cataclean.com\/#\/schema\/logo\/image\/\",\"url\":\"https:\/\/cataclean.com\/wp-content\/uploads\/2022\/01\/cataclean-logo.webp\",\"contentUrl\":\"https:\/\/cataclean.com\/wp-content\/uploads\/2022\/01\/cataclean-logo.webp\",\"width\":460,\"height\":68,\"caption\":\"Cataclean\"},\"image\":{\"@id\":\"https:\/\/cataclean.com\/#\/schema\/logo\/image\/\"},\"sameAs\":[\"https:\/\/www.facebook.com\/cataclean\/\",\"https:\/\/x.com\/Catacleanuk\"]}]}<\/script>\n<!-- \/ Yoast SEO plugin. -->","yoast_head_json":{"title":"Produktpalette - Cataclean","robots":{"index":"index","follow":"follow","max-snippet":"max-snippet:-1","max-image-preview":"max-image-preview:large","max-video-preview":"max-video-preview:-1"},"canonical":"https:\/\/cataclean.com\/de\/produktpalette\/","og_locale":"de_DE","og_type":"article","og_title":"Produktpalette - Cataclean","og_url":"https:\/\/cataclean.com\/de\/produktpalette\/","og_site_name":"Cataclean","article_publisher":"https:\/\/www.facebook.com\/cataclean\/","article_modified_time":"2022-06-07T12:08:30+00:00","twitter_card":"summary_large_image","twitter_site":"@Catacleanuk","twitter_misc":{"Gesch\u00e4tzte Lesezeit":"1\u00a0Minute"},"schema":{"@context":"https:\/\/schema.org","@graph":[{"@type":"WebPage","@id":"https:\/\/cataclean.com\/de\/produktpalette\/","url":"https:\/\/cataclean.com\/de\/produktpalette\/","name":"Produktpalette - Cataclean","isPartOf":{"@id":"https:\/\/cataclean.com\/#website"},"datePublished":"2022-01-27T16:04:18+00:00","dateModified":"2022-06-07T12:08:30+00:00","breadcrumb":{"@id":"https:\/\/cataclean.com\/de\/produktpalette\/#breadcrumb"},"inLanguage":"de","potentialAction":[{"@type":"ReadAction","target":["https:\/\/cataclean.com\/de\/produktpalette\/"]}]},{"@type":"BreadcrumbList","@id":"https:\/\/cataclean.com\/de\/produktpalette\/#breadcrumb","itemListElement":[{"@type":"ListItem","position":1,"name":"Home","item":"https:\/\/cataclean.com\/de\/"},{"@type":"ListItem","position":2,"name":"Produktpalette"}]},{"@type":"WebSite","@id":"https:\/\/cataclean.com\/#website","url":"https:\/\/cataclean.com\/","name":"Cataclean","description":"THE COMPLETE FUEL AND EXHAUST SYSTEM CLEANER","publisher":{"@id":"https:\/\/cataclean.com\/#organization"},"potentialAction":[{"@type":"SearchAction","target":{"@type":"EntryPoint","urlTemplate":"https:\/\/cataclean.com\/?s={search_term_string}"},"query-input":{"@type":"PropertyValueSpecification","valueRequired":true,"valueName":"search_term_string"}}],"inLanguage":"de"},{"@type":"Organization","@id":"https:\/\/cataclean.com\/#organization","name":"Cataclean","url":"https:\/\/cataclean.com\/","logo":{"@type":"ImageObject","inLanguage":"de","@id":"https:\/\/cataclean.com\/#\/schema\/logo\/image\/","url":"https:\/\/cataclean.com\/wp-content\/uploads\/2022\/01\/cataclean-logo.webp","contentUrl":"https:\/\/cataclean.com\/wp-content\/uploads\/2022\/01\/cataclean-logo.webp","width":460,"height":68,"caption":"Cataclean"},"image":{"@id":"https:\/\/cataclean.com\/#\/schema\/logo\/image\/"},"sameAs":["https:\/\/www.facebook.com\/cataclean\/","https:\/\/x.com\/Catacleanuk"]}]}},"_links":{"self":[{"href":"https:\/\/cataclean.com\/de\/wp-json\/wp\/v2\/pages\/920","targetHints":{"allow":["GET"]}}],"collection":[{"href":"https:\/\/cataclean.com\/de\/wp-json\/wp\/v2\/pages"}],"about":[{"href":"https:\/\/cataclean.com\/de\/wp-json\/wp\/v2\/types\/page"}],"author":[{"embeddable":true,"href":"https:\/\/cataclean.com\/de\/wp-json\/wp\/v2\/users\/1"}],"replies":[{"embeddable":true,"href":"https:\/\/cataclean.com\/de\/wp-json\/wp\/v2\/comments?post=920"}],"version-history":[{"count":3,"href":"https:\/\/cataclean.com\/de\/wp-json\/wp\/v2\/pages\/920\/revisions"}],"predecessor-version":[{"id":1169,"href":"https:\/\/cataclean.com\/de\/wp-json\/wp\/v2\/pages\/920\/revisions\/1169"}],"wp:attachment":[{"href":"https:\/\/cataclean.com\/de\/wp-json\/wp\/v2\/media?parent=920"}],"curies":[{"name":"wp","href":"https:\/\/api.w.org\/{rel}","templated":true}]}}