{"id":914,"date":"2022-01-25T12:22:49","date_gmt":"2022-01-25T12:22:49","guid":{"rendered":"https:\/\/cataclean.com\/kundenstimmen\/"},"modified":"2022-05-29T23:44:49","modified_gmt":"2022-05-29T22:44:49","slug":"kundenstimmen","status":"publish","type":"page","link":"https:\/\/cataclean.com\/de\/kundenstimmen\/","title":{"rendered":"Kundenstimmen"},"content":{"rendered":"<style data-type=\"us_custom-css\">.click-me a{text-decoration:underline;color:#ffffff}<\/style><section class=\"l-section wpb_row us_custom_734fd479 has_text_color height_medium\"><div class=\"l-section-h i-cf\"><div class=\"g-cols vc_row via_flex valign_top type_default stacking_default\"><div class=\"vc_col-sm-12 wpb_column vc_column_container\"><div class=\"vc_column-inner\"><div class=\"wpb_wrapper\"><div class=\"wpb_text_column click-me\"><div class=\"wpb_wrapper\"><p style=\"text-align: center;\"><strong>Aktuelle Infos f\u00fcr Wiederverk\u00e4ufer und Vertriebsh\u00e4ndler.\u00a0<a href=\"https:\/\/cataclean.com\/tool-connection-news\/\" rel=\"noopener\">HIER KLICKEN<\/a><\/strong><\/p>\n<\/div><\/div><\/div><\/div><\/div><\/div><\/div><\/section>\n<section class=\"l-section wpb_row us_custom_3d4f5d66 banner height_medium\"><div class=\"l-section-h i-cf\"><div class=\"g-cols vc_row via_flex valign_top type_default stacking_default\"><div class=\"vc_col-sm-12 wpb_column vc_column_container\"><div class=\"vc_column-inner us_custom_b3be410f\"><div class=\"wpb_wrapper\"><div class=\"wpb_text_column us_custom_e4db3b61 has_text_color\"><div class=\"wpb_wrapper\"><h1>Kundenstimmen<\/h1>\n<\/div><\/div>[vc_raw_js]JTNDc2NyaXB0JTNFJTBBdmFyJTIwJTI0JTIwJTNEJTIwalF1ZXJ5JTNCJTBBJTBBJTI0JTI4ZG9jdW1lbnQlMjkucmVhZHklMjhmdW5jdGlvbiUyOCUyOSUyMCU3QiUwQSUyMCUyMCUyMGxldCUyMGVsZW1lbnQlMjAlM0QlMjAlNjAlM0NkaXYlMjBjbGFzcyUzRCUyMmJhci1ncmVlbiUyMiUzRSUzQyUyRmRpdiUzRSU2MCUzQiUwQSUyMCUyMCUyMCUyNCUyOCUyNy5iYW5uZXIlMjclMjkuYXBwZW5kJTI4ZWxlbWVudCUyOSUzQiUwQSU3RCUyOSUzQiUwQSUwQSUzQyUyRnNjcmlwdCUzRQ==[\/vc_raw_js]<\/div><\/div><\/div><\/div><\/div><\/section><section class=\"l-section wpb_row height_medium\"><div class=\"l-section-h i-cf\"><div class=\"g-cols vc_row via_flex valign_top type_default stacking_default\"><div class=\"vc_col-sm-12 wpb_column vc_column_container\"><div class=\"vc_column-inner\"><div class=\"wpb_wrapper\"><div class=\"wpb_text_column us_custom_b2f49ef3 has_text_color\"><div class=\"wpb_wrapper\"><h2 class=\"font_2\">Lesen Sie eine Auswahl ECHTER Anwenderberichte \u00fcber unsere Cataclean-Produkte.<\/h2>\n<\/div><\/div><div class=\"w-grid type_grid layout_107 valign_center\" id=\"us_grid_1\" data-filterable=\"true\"><style>#us_grid_1 .w-grid-item:not(:last-child){margin-bottom:1.5rem}#us_grid_1 .g-loadmore{margin-top:1.5rem}.layout_107 .w-grid-item-h{}.layout_107 .usg_post_content_1{color:#0C599C!important;background:#f9f9f9!important;padding:25px 25px 10px 25px!important}.layout_107 .usg_html_1{background:#f9f9f9!important;padding:5px 25px 25px 25px!important}<\/style><div class=\"w-grid-list\">\t<article class=\"w-grid-item post-943 us_testimonial type-us_testimonial status-publish hentry us_testimonial_category-real-de\" data-id=\"943\">\r\n\t\t<div class=\"w-grid-item-h\">\r\n\t\t\t\t\t\t<div class=\"w-post-elm post_content usg_post_content_1\"><div id=\"bgLayers_comp-kyihcwum__item-kyihrloo\" class=\"_3wnIc\" data-hook=\"bgLayers\">\n<div id=\"bgMedia_comp-kyihcwum__item-kyihrloo\" class=\"_2GUhU\">\n<p>\u201e<span lang=\"de-DE\">Ich verwende dieses Produkt nicht zum ersten Mal. Mein neues Auto hatte einige Probleme mit verz\u00f6gerter Beschleunigung und den Emissionen, nachdem es den Abgastest nicht bestanden hatte. Ich habe die Anleitung gelesen und befolgt, wie viel Benzin mit Cataclean zu verwenden ist. Nach einer Rundfahrt und einer Spritz\u00adtour auf der Autobahn f\u00fchlte sich das Auto besser an, als h\u00e4tte sich eine Blockade gel\u00f6st. Es hat den Abgastest bestanden und seitdem ist das Auto in Ordnung. Ich bin sehr zufrieden mit diesem Produkt und denke, es ist ein geringer Preis f\u00fcr gute Ergebnisse.\u201c<\/span><\/p>\n<\/div>\n<\/div>\n<\/div><div class=\"w-html usg_html_1\"><div class=\"br-row\">\n\t<div class=\"br-item\"><\/div>\n\t<div class=\"br-item\"><\/div>\n\t<div class=\"br-item\"><\/div>\n\t<div class=\"br-item active\"><\/div>\n\t<div class=\"br-item\"><\/div>\n\t<div class=\"br-item\"><\/div>\n\t<div class=\"br-item\"><\/div>\n<\/div><\/div>\t\t<\/div>\r\n\t<\/article>\r\n\t<article class=\"w-grid-item post-942 us_testimonial type-us_testimonial status-publish hentry us_testimonial_category-real-de\" data-id=\"942\">\r\n\t\t<div class=\"w-grid-item-h\">\r\n\t\t\t\t\t\t<div class=\"w-post-elm post_content usg_post_content_1\"><p>\u201e<span lang=\"de-DE\">Tolles Zeug! Das Auto stotterte und die Motorkontrollleuchte ging an. Nachdem ich das hier eingef\u00fcllt hatte und 20 Minuten gefahren war, ging am n\u00e4chsten Tag die Motorkontrollleuchte aus und das Auto fuhr problemlos.\u201c<\/span><\/p>\n<\/div><div class=\"w-html usg_html_1\"><div class=\"br-row\">\n\t<div class=\"br-item\"><\/div>\n\t<div class=\"br-item\"><\/div>\n\t<div class=\"br-item\"><\/div>\n\t<div class=\"br-item active\"><\/div>\n\t<div class=\"br-item\"><\/div>\n\t<div class=\"br-item\"><\/div>\n\t<div class=\"br-item\"><\/div>\n<\/div><\/div>\t\t<\/div>\r\n\t<\/article>\r\n\t<article class=\"w-grid-item post-941 us_testimonial type-us_testimonial status-publish hentry us_testimonial_category-real-de\" data-id=\"941\">\r\n\t\t<div class=\"w-grid-item-h\">\r\n\t\t\t\t\t\t<div class=\"w-post-elm post_content usg_post_content_1\"><p>\u201e<span lang=\"de-DE\">Ich bin bereits bei meiner dritten Flasche hiervon. Unser DPF hat sich alle 80 Meilen oder so regeneriert. Ich habe eine Flasche davon in einen 1\/4-Tank gef\u00fcllt und das Auto hat sich 235 Meilen lang nicht regeneriert (im Stadt\u00adverkehr) &#8211; einfach unglaublich! Der Motor ist leiser, zeigt bessere Beschleu\u00adnigung und Kilometerleistung.\u201c<\/span><\/p>\n<\/div><div class=\"w-html usg_html_1\"><div class=\"br-row\">\n\t<div class=\"br-item\"><\/div>\n\t<div class=\"br-item\"><\/div>\n\t<div class=\"br-item\"><\/div>\n\t<div class=\"br-item active\"><\/div>\n\t<div class=\"br-item\"><\/div>\n\t<div class=\"br-item\"><\/div>\n\t<div class=\"br-item\"><\/div>\n<\/div><\/div>\t\t<\/div>\r\n\t<\/article>\r\n\t<article class=\"w-grid-item post-940 us_testimonial type-us_testimonial status-publish hentry us_testimonial_category-real-de\" data-id=\"940\">\r\n\t\t<div class=\"w-grid-item-h\">\r\n\t\t\t\t\t\t<div class=\"w-post-elm post_content usg_post_content_1\"><p>\u201e<span lang=\"de-DE\">Habe es aufgrund der guten Kritiken gekauft und muss sagen, es ist ein beeindruckendes Produkt. Kontrollleuchte ging nach etwa 20 Minuten leichten Fahrens aus. Das Auto f\u00fchlt sich viel reaktions\u00adfreudiger an, Kraftstoffverbrauch ist von 27,5 mpg (8,5\u00a0l\/100 km) auf 31 mpg (7,5\u00a0l\/100 km) gesunken, ein Vorteil, den ich nicht erwartet hatte. Ich werde es regelm\u00e4\u00dfig verwenden, wie empfohlen.\u201c<\/span><\/p>\n<\/div><div class=\"w-html usg_html_1\"><div class=\"br-row\">\n\t<div class=\"br-item\"><\/div>\n\t<div class=\"br-item\"><\/div>\n\t<div class=\"br-item\"><\/div>\n\t<div class=\"br-item active\"><\/div>\n\t<div class=\"br-item\"><\/div>\n\t<div class=\"br-item\"><\/div>\n\t<div class=\"br-item\"><\/div>\n<\/div><\/div>\t\t<\/div>\r\n\t<\/article>\r\n\t<article class=\"w-grid-item post-939 us_testimonial type-us_testimonial status-publish hentry us_testimonial_category-real-de\" data-id=\"939\">\r\n\t\t<div class=\"w-grid-item-h\">\r\n\t\t\t\t\t\t<div class=\"w-post-elm post_content usg_post_content_1\"><p>\u201e<span lang=\"de-DE\">Funktioniert absolut so, wie beschrieben. Sehr zu empfehlen. Meine Kontrollleuchte f\u00fcr den Motor leuchtete auf und mir wurde gesagt, dass es eine teure Angelegenheit werden w\u00fcrde. Nachdem mir dieses Produkt empfohlen wurde, habe ich es ausprobiert und nach einer langen Strecke auf der Autobahn ging meine Motorkontrollleuchte aus. Ich k\u00f6nnte nicht zufriedener sein.\u201c<\/span><\/p>\n<\/div><div class=\"w-html usg_html_1\"><div class=\"br-row\">\n\t<div class=\"br-item\"><\/div>\n\t<div class=\"br-item\"><\/div>\n\t<div class=\"br-item\"><\/div>\n\t<div class=\"br-item active\"><\/div>\n\t<div class=\"br-item\"><\/div>\n\t<div class=\"br-item\"><\/div>\n\t<div class=\"br-item\"><\/div>\n<\/div><\/div>\t\t<\/div>\r\n\t<\/article>\r\n\t<article class=\"w-grid-item post-938 us_testimonial type-us_testimonial status-publish hentry us_testimonial_category-real-de\" data-id=\"938\">\r\n\t\t<div class=\"w-grid-item-h\">\r\n\t\t\t\t\t\t<div class=\"w-post-elm post_content usg_post_content_1\"><p>\u201e<span lang=\"de-DE\">Dieses Zeug ist erstaunlich. Ich habe davon erfahren, als ich vor Jahren bei einer Abgasunter\u00adsuchung durchgefallen bin. Der Pr\u00fcfer sagte, ich solle es mal ausprobieren und er hatte Recht, eine Flasche davon, eine 30-min\u00fctige Fahrt und ich habe mit Bravour bestanden. Ich benutze es mindestens einmal im Jahr in meinen Autos, man sp\u00fcrt den Unterschied schon nach ein paar hundert Kilometern und es reduziert die Emissionen um 100\u00a0%. F\u00fcr das Geld lohnt es sich, vor dem Abgastest eine Flasche zu verwenden, nur um auf der sicheren Seite zu sein.\u201c<\/span><\/p>\n<\/div><div class=\"w-html usg_html_1\"><div class=\"br-row\">\n\t<div class=\"br-item\"><\/div>\n\t<div class=\"br-item\"><\/div>\n\t<div class=\"br-item\"><\/div>\n\t<div class=\"br-item active\"><\/div>\n\t<div class=\"br-item\"><\/div>\n\t<div class=\"br-item\"><\/div>\n\t<div class=\"br-item\"><\/div>\n<\/div><\/div>\t\t<\/div>\r\n\t<\/article>\r\n<\/div><div class=\"w-grid-preloader\"><div class=\"g-preloader type_1\">\r\n\t<div><\/div>\r\n<\/div>\r\n<\/div>\t<div class=\"w-grid-json hidden\" onclick='return {&quot;action&quot;:&quot;us_ajax_grid&quot;,&quot;ajax_url&quot;:&quot;https:\\\/\\\/cataclean.com\\\/wp-admin\\\/admin-ajax.php&quot;,&quot;infinite_scroll&quot;:0,&quot;max_num_pages&quot;:1,&quot;pagination&quot;:&quot;none&quot;,&quot;permalink_url&quot;:&quot;https:\\\/\\\/cataclean.com\\\/de\\\/wp-json\\\/wp\\\/v2\\\/pages\\\/914\\\/&quot;,&quot;template_vars&quot;:{&quot;columns&quot;:&quot;1&quot;,&quot;exclude_items&quot;:&quot;none&quot;,&quot;img_size&quot;:&quot;default&quot;,&quot;ignore_items_size&quot;:false,&quot;items_layout&quot;:&quot;107&quot;,&quot;items_offset&quot;:&quot;1&quot;,&quot;load_animation&quot;:&quot;none&quot;,&quot;overriding_link&quot;:&quot;none&quot;,&quot;post_id&quot;:914,&quot;query_args&quot;:{&quot;post_type&quot;:[&quot;us_testimonial&quot;],&quot;tax_query&quot;:[{&quot;taxonomy&quot;:&quot;us_testimonial_category&quot;,&quot;field&quot;:&quot;slug&quot;,&quot;terms&quot;:[&quot;real&quot;]}],&quot;post_status&quot;:[&quot;publish&quot;,&quot;acf-disabled&quot;],&quot;posts_per_page&quot;:&quot;10&quot;},&quot;orderby_query_args&quot;:{&quot;orderby&quot;:{&quot;date&quot;:&quot;DESC&quot;}},&quot;type&quot;:&quot;grid&quot;,&quot;us_grid_ajax_index&quot;:1,&quot;us_grid_filter_params&quot;:null,&quot;us_grid_index&quot;:1,&quot;_us_grid_post_type&quot;:&quot;us_testimonial&quot;,&quot;lang&quot;:&quot;de&quot;}}'><\/div>\r\n\t<\/div><\/div><\/div><\/div><\/div><\/div><\/section>\n","protected":false},"excerpt":{"rendered":"\u201eDieses Zeug ist erstaunlich. Ich habe davon erfahren, als ich vor Jahren bei einer Abgasunter\u00adsuchung durchgefallen bin. Der Pr\u00fcfer sagte, ich solle es mal ausprobieren und er hatte Recht, eine Flasche davon, eine 30-min\u00fctige Fahrt und ich habe mit Bravour bestanden. Ich benutze es mindestens einmal im Jahr in meinen Autos, man sp\u00fcrt den Unterschied...","protected":false},"author":1,"featured_media":0,"parent":0,"menu_order":0,"comment_status":"closed","ping_status":"closed","template":"","meta":{"_acf_changed":false,"footnotes":""},"class_list":["post-914","page","type-page","status-publish","hentry"],"acf":[],"yoast_head":"<!-- This site is optimized with the Yoast SEO plugin v26.1.1 - https:\/\/yoast.com\/wordpress\/plugins\/seo\/ -->\n<title>Kundenstimmen - Cataclean<\/title>\n<meta name=\"robots\" content=\"index, follow, max-snippet:-1, max-image-preview:large, max-video-preview:-1\" \/>\n<link rel=\"canonical\" href=\"https:\/\/cataclean.com\/de\/kundenstimmen\/\" \/>\n<meta property=\"og:locale\" content=\"de_DE\" \/>\n<meta property=\"og:type\" content=\"article\" \/>\n<meta property=\"og:title\" content=\"Kundenstimmen - Cataclean\" \/>\n<meta property=\"og:url\" content=\"https:\/\/cataclean.com\/de\/kundenstimmen\/\" \/>\n<meta property=\"og:site_name\" content=\"Cataclean\" \/>\n<meta property=\"article:publisher\" content=\"https:\/\/www.facebook.com\/cataclean\/\" \/>\n<meta property=\"article:modified_time\" content=\"2022-05-29T22:44:49+00:00\" \/>\n<meta name=\"twitter:card\" content=\"summary_large_image\" \/>\n<meta name=\"twitter:site\" content=\"@Catacleanuk\" \/>\n<meta name=\"twitter:label1\" content=\"Gesch\u00e4tzte Lesezeit\" \/>\n\t<meta name=\"twitter:data1\" content=\"1\u00a0Minute\" \/>\n<script type=\"application\/ld+json\" class=\"yoast-schema-graph\">{\"@context\":\"https:\/\/schema.org\",\"@graph\":[{\"@type\":\"WebPage\",\"@id\":\"https:\/\/cataclean.com\/de\/kundenstimmen\/\",\"url\":\"https:\/\/cataclean.com\/de\/kundenstimmen\/\",\"name\":\"Kundenstimmen - Cataclean\",\"isPartOf\":{\"@id\":\"https:\/\/cataclean.com\/#website\"},\"datePublished\":\"2022-01-25T12:22:49+00:00\",\"dateModified\":\"2022-05-29T22:44:49+00:00\",\"breadcrumb\":{\"@id\":\"https:\/\/cataclean.com\/de\/kundenstimmen\/#breadcrumb\"},\"inLanguage\":\"de\",\"potentialAction\":[{\"@type\":\"ReadAction\",\"target\":[\"https:\/\/cataclean.com\/de\/kundenstimmen\/\"]}]},{\"@type\":\"BreadcrumbList\",\"@id\":\"https:\/\/cataclean.com\/de\/kundenstimmen\/#breadcrumb\",\"itemListElement\":[{\"@type\":\"ListItem\",\"position\":1,\"name\":\"Home\",\"item\":\"https:\/\/cataclean.com\/de\/\"},{\"@type\":\"ListItem\",\"position\":2,\"name\":\"Kundenstimmen\"}]},{\"@type\":\"WebSite\",\"@id\":\"https:\/\/cataclean.com\/#website\",\"url\":\"https:\/\/cataclean.com\/\",\"name\":\"Cataclean\",\"description\":\"THE COMPLETE FUEL AND EXHAUST SYSTEM CLEANER\",\"publisher\":{\"@id\":\"https:\/\/cataclean.com\/#organization\"},\"potentialAction\":[{\"@type\":\"SearchAction\",\"target\":{\"@type\":\"EntryPoint\",\"urlTemplate\":\"https:\/\/cataclean.com\/?s={search_term_string}\"},\"query-input\":{\"@type\":\"PropertyValueSpecification\",\"valueRequired\":true,\"valueName\":\"search_term_string\"}}],\"inLanguage\":\"de\"},{\"@type\":\"Organization\",\"@id\":\"https:\/\/cataclean.com\/#organization\",\"name\":\"Cataclean\",\"url\":\"https:\/\/cataclean.com\/\",\"logo\":{\"@type\":\"ImageObject\",\"inLanguage\":\"de\",\"@id\":\"https:\/\/cataclean.com\/#\/schema\/logo\/image\/\",\"url\":\"https:\/\/cataclean.com\/wp-content\/uploads\/2022\/01\/cataclean-logo.webp\",\"contentUrl\":\"https:\/\/cataclean.com\/wp-content\/uploads\/2022\/01\/cataclean-logo.webp\",\"width\":460,\"height\":68,\"caption\":\"Cataclean\"},\"image\":{\"@id\":\"https:\/\/cataclean.com\/#\/schema\/logo\/image\/\"},\"sameAs\":[\"https:\/\/www.facebook.com\/cataclean\/\",\"https:\/\/x.com\/Catacleanuk\"]}]}<\/script>\n<!-- \/ Yoast SEO plugin. -->","yoast_head_json":{"title":"Kundenstimmen - Cataclean","robots":{"index":"index","follow":"follow","max-snippet":"max-snippet:-1","max-image-preview":"max-image-preview:large","max-video-preview":"max-video-preview:-1"},"canonical":"https:\/\/cataclean.com\/de\/kundenstimmen\/","og_locale":"de_DE","og_type":"article","og_title":"Kundenstimmen - Cataclean","og_url":"https:\/\/cataclean.com\/de\/kundenstimmen\/","og_site_name":"Cataclean","article_publisher":"https:\/\/www.facebook.com\/cataclean\/","article_modified_time":"2022-05-29T22:44:49+00:00","twitter_card":"summary_large_image","twitter_site":"@Catacleanuk","twitter_misc":{"Gesch\u00e4tzte Lesezeit":"1\u00a0Minute"},"schema":{"@context":"https:\/\/schema.org","@graph":[{"@type":"WebPage","@id":"https:\/\/cataclean.com\/de\/kundenstimmen\/","url":"https:\/\/cataclean.com\/de\/kundenstimmen\/","name":"Kundenstimmen - Cataclean","isPartOf":{"@id":"https:\/\/cataclean.com\/#website"},"datePublished":"2022-01-25T12:22:49+00:00","dateModified":"2022-05-29T22:44:49+00:00","breadcrumb":{"@id":"https:\/\/cataclean.com\/de\/kundenstimmen\/#breadcrumb"},"inLanguage":"de","potentialAction":[{"@type":"ReadAction","target":["https:\/\/cataclean.com\/de\/kundenstimmen\/"]}]},{"@type":"BreadcrumbList","@id":"https:\/\/cataclean.com\/de\/kundenstimmen\/#breadcrumb","itemListElement":[{"@type":"ListItem","position":1,"name":"Home","item":"https:\/\/cataclean.com\/de\/"},{"@type":"ListItem","position":2,"name":"Kundenstimmen"}]},{"@type":"WebSite","@id":"https:\/\/cataclean.com\/#website","url":"https:\/\/cataclean.com\/","name":"Cataclean","description":"THE COMPLETE FUEL AND EXHAUST SYSTEM CLEANER","publisher":{"@id":"https:\/\/cataclean.com\/#organization"},"potentialAction":[{"@type":"SearchAction","target":{"@type":"EntryPoint","urlTemplate":"https:\/\/cataclean.com\/?s={search_term_string}"},"query-input":{"@type":"PropertyValueSpecification","valueRequired":true,"valueName":"search_term_string"}}],"inLanguage":"de"},{"@type":"Organization","@id":"https:\/\/cataclean.com\/#organization","name":"Cataclean","url":"https:\/\/cataclean.com\/","logo":{"@type":"ImageObject","inLanguage":"de","@id":"https:\/\/cataclean.com\/#\/schema\/logo\/image\/","url":"https:\/\/cataclean.com\/wp-content\/uploads\/2022\/01\/cataclean-logo.webp","contentUrl":"https:\/\/cataclean.com\/wp-content\/uploads\/2022\/01\/cataclean-logo.webp","width":460,"height":68,"caption":"Cataclean"},"image":{"@id":"https:\/\/cataclean.com\/#\/schema\/logo\/image\/"},"sameAs":["https:\/\/www.facebook.com\/cataclean\/","https:\/\/x.com\/Catacleanuk"]}]}},"_links":{"self":[{"href":"https:\/\/cataclean.com\/de\/wp-json\/wp\/v2\/pages\/914","targetHints":{"allow":["GET"]}}],"collection":[{"href":"https:\/\/cataclean.com\/de\/wp-json\/wp\/v2\/pages"}],"about":[{"href":"https:\/\/cataclean.com\/de\/wp-json\/wp\/v2\/types\/page"}],"author":[{"embeddable":true,"href":"https:\/\/cataclean.com\/de\/wp-json\/wp\/v2\/users\/1"}],"replies":[{"embeddable":true,"href":"https:\/\/cataclean.com\/de\/wp-json\/wp\/v2\/comments?post=914"}],"version-history":[{"count":2,"href":"https:\/\/cataclean.com\/de\/wp-json\/wp\/v2\/pages\/914\/revisions"}],"predecessor-version":[{"id":916,"href":"https:\/\/cataclean.com\/de\/wp-json\/wp\/v2\/pages\/914\/revisions\/916"}],"wp:attachment":[{"href":"https:\/\/cataclean.com\/de\/wp-json\/wp\/v2\/media?parent=914"}],"curies":[{"name":"wp","href":"https:\/\/api.w.org\/{rel}","templated":true}]}}