{"id":911,"date":"2022-01-25T12:23:00","date_gmt":"2022-01-25T12:23:00","guid":{"rendered":"https:\/\/cataclean.com\/medien\/"},"modified":"2022-06-06T19:18:33","modified_gmt":"2022-06-06T18:18:33","slug":"medien","status":"publish","type":"page","link":"https:\/\/cataclean.com\/de\/medien\/","title":{"rendered":"Medien"},"content":{"rendered":"<style data-type=\"us_custom-css\">.click-me a{text-decoration:underline;color:#ffffff}<\/style><section class=\"l-section wpb_row us_custom_734fd479 has_text_color height_medium\"><div class=\"l-section-h i-cf\"><div class=\"g-cols vc_row via_flex valign_top type_default stacking_default\"><div class=\"vc_col-sm-12 wpb_column vc_column_container\"><div class=\"vc_column-inner\"><div class=\"wpb_wrapper\"><div class=\"wpb_text_column click-me\"><div class=\"wpb_wrapper\"><p style=\"text-align: center;\"><strong>Aktuelle Infos f\u00fcr Wiederverk\u00e4ufer und Vertriebsh\u00e4ndler.\u00a0<a href=\"https:\/\/cataclean.com\/tool-connection-news\/\" rel=\"noopener\">HIER KLICKEN<\/a><\/strong><\/p>\n<\/div><\/div><\/div><\/div><\/div><\/div><\/div><\/section>\n<section class=\"l-section wpb_row us_custom_a16b32df banner height_medium\"><div class=\"l-section-h i-cf\"><div class=\"g-cols vc_row via_flex valign_top type_default stacking_default\"><div class=\"vc_col-sm-12 wpb_column vc_column_container\"><div class=\"vc_column-inner us_custom_b3be410f\"><div class=\"wpb_wrapper\"><div class=\"wpb_text_column us_custom_e4db3b61 has_text_color\"><div class=\"wpb_wrapper\"><h1>Medien<\/h1>\n<\/div><\/div>[vc_raw_js]JTNDc2NyaXB0JTNFJTBBdmFyJTIwJTI0JTIwJTNEJTIwalF1ZXJ5JTNCJTBBJTBBJTI0JTI4ZG9jdW1lbnQlMjkucmVhZHklMjhmdW5jdGlvbiUyOCUyOSUyMCU3QiUwQSUyMCUyMCUyMGxldCUyMGVsZW1lbnQlMjAlM0QlMjAlNjAlM0NkaXYlMjBjbGFzcyUzRCUyMmJhci1ncmVlbiUyMiUzRSUzQyUyRmRpdiUzRSU2MCUzQiUwQSUyMCUyMCUyMCUyNCUyOCUyNy5iYW5uZXIlMjclMjkuYXBwZW5kJTI4ZWxlbWVudCUyOSUzQiUwQSU3RCUyOSUzQiUwQSUwQSUzQyUyRnNjcmlwdCUzRQ==[\/vc_raw_js]<\/div><\/div><\/div><\/div><\/div><\/section><section class=\"l-section wpb_row us_custom_19737bc8 height_medium\"><div class=\"l-section-h i-cf\"><div class=\"g-cols vc_row via_flex valign_top type_default stacking_default\"><div class=\"vc_col-sm-12 wpb_column vc_column_container\"><div class=\"vc_column-inner\"><div class=\"wpb_wrapper\"><div class=\"wpb_text_column\"><div class=\"wpb_wrapper\"><div id=\"bgLayers_comp-kruthvfh\" class=\"_3wnIc\" data-hook=\"bgLayers\">\n<p><span lang=\"de-DE\">Klicken Sie auf die nachstehenden Videos und Interviews, um mehr \u00fcber Cataclean zu erfahren! Informieren Sie sich \u00fcber unsere Produkte und ausf\u00fchrlichen Produkttests.<\/span><\/p>\n<p><span lang=\"de-DE\">Finden Sie heraus, warum Ihr Motor mit unseren Produkten besser l\u00e4uft und l\u00e4nger h\u00e4lt. Holen Sie sich jetzt Ihre Flasche Cataclean! <\/span><\/p>\n<p><span lang=\"de-DE\">Werden Sie Abonnent und folgen Sie uns auf YouTube.<\/span><\/p>\n<\/div>\n<\/div><\/div><\/div><\/div><\/div><\/div><\/div><\/section><section class=\"l-section wpb_row us_custom_19737bc8 height_medium\"><div class=\"l-section-h i-cf\"><div class=\"g-cols vc_row via_flex valign_top type_default stacking_default\"><div class=\"vc_col-sm-6 wpb_column vc_column_container\"><div class=\"vc_column-inner\"><div class=\"wpb_wrapper\"><div class=\"w-video align_none ratio_16x9\" onclick=\"return {&quot;player_html&quot;:&quot;&lt;iframe class=\\&quot;wp-embedded-content\\&quot; sandbox=\\&quot;allow-scripts\\&quot; security=\\&quot;restricted\\&quot; title=\\&quot;MOT Emission cataclean_DE_SRT_FINAL\\&quot; src=\\&quot;https:\\\/\\\/streamable.com\\\/o\\\/gwjknz#?secret=K8PwM4uUZR\\&quot; data-secret=\\&quot;K8PwM4uUZR\\&quot; frameborder=\\&quot;0\\&quot; scrolling=\\&quot;no\\&quot; width=\\&quot;1280\\&quot; height=\\&quot;720\\&quot;&gt;&lt;\\\/iframe&gt;&quot;}\"><div class=\"w-video-h\"><\/div><div class=\"w-video-icon\" style=\"font-size:1.5rem;background:rgba(0,0,0,0.5);color:#fff\"><\/div><\/div><div class=\"wpb_text_column us_custom_30cde5fb has_text_color\"><div class=\"wpb_wrapper\"><p><span lang=\"de-DE\">T\u00dcV-Emissionspr\u00fcfung<\/span><\/p>\n<\/div><\/div><div class=\"w-separator size_small\"><\/div><div class=\"w-video align_none ratio_16x9\" onclick=\"return {&quot;player_html&quot;:&quot;&lt;iframe class=\\&quot;wp-embedded-content\\&quot; sandbox=\\&quot;allow-scripts\\&quot; security=\\&quot;restricted\\&quot; title=\\&quot;Cataclean Official Advert2018 _DE_SRT_FINAL\\&quot; src=\\&quot;https:\\\/\\\/streamable.com\\\/o\\\/war3rj#?secret=27VnGx95gX\\&quot; data-secret=\\&quot;27VnGx95gX\\&quot; frameborder=\\&quot;0\\&quot; scrolling=\\&quot;no\\&quot; width=\\&quot;1920\\&quot; height=\\&quot;1080\\&quot;&gt;&lt;\\\/iframe&gt;&quot;}\"><div class=\"w-video-h\"><\/div><div class=\"w-video-icon\" style=\"font-size:1.5rem;background:rgba(0,0,0,0.5);color:#fff\"><\/div><\/div><div class=\"wpb_text_column us_custom_30cde5fb has_text_color\"><div class=\"wpb_wrapper\"><p><span lang=\"de-DE\">Cataclean \u00dcberblick<\/span><\/p>\n<\/div><\/div><div class=\"w-separator size_small\"><\/div><div class=\"w-video align_none ratio_16x9\" onclick=\"return {&quot;player_html&quot;:&quot;&lt;iframe class=\\&quot;wp-embedded-content\\&quot; sandbox=\\&quot;allow-scripts\\&quot; security=\\&quot;restricted\\&quot; title=\\&quot;Can Cataclean Help clean My Cars Injectors and Help With Misfires_DE_SRT_Final\\&quot; src=\\&quot;https:\\\/\\\/streamable.com\\\/o\\\/1wvm4m#?secret=NYCSknBcC8\\&quot; data-secret=\\&quot;NYCSknBcC8\\&quot; frameborder=\\&quot;0\\&quot; scrolling=\\&quot;no\\&quot; width=\\&quot;1920\\&quot; height=\\&quot;1080\\&quot;&gt;&lt;\\\/iframe&gt;&quot;}\"><div class=\"w-video-h\"><\/div><div class=\"w-video-icon\" style=\"font-size:1.5rem;background:rgba(0,0,0,0.5);color:#fff\"><\/div><\/div><div class=\"wpb_text_column us_custom_30cde5fb has_text_color\"><div class=\"wpb_wrapper\"><p><span lang=\"de-DE\">Einspritzd\u00fcsen-Pr\u00fcfung<\/span><\/p>\n<\/div><\/div><div class=\"w-separator size_small\"><\/div><\/div><\/div><\/div><div class=\"vc_col-sm-6 wpb_column vc_column_container\"><div class=\"vc_column-inner\"><div class=\"wpb_wrapper\"><div class=\"w-video align_none ratio_16x9\" onclick=\"return {&quot;player_html&quot;:&quot;&lt;iframe class=\\&quot;wp-embedded-content\\&quot; sandbox=\\&quot;allow-scripts\\&quot; security=\\&quot;restricted\\&quot; title=\\&quot;Can Cataclean Help Reduce Carbon Build Up In My Vehicle_final_DE_SRT\\&quot; src=\\&quot;https:\\\/\\\/streamable.com\\\/o\\\/yn19lk#?secret=pQ4L0uBzsL\\&quot; data-secret=\\&quot;pQ4L0uBzsL\\&quot; frameborder=\\&quot;0\\&quot; scrolling=\\&quot;no\\&quot; width=\\&quot;1920\\&quot; height=\\&quot;1080\\&quot;&gt;&lt;\\\/iframe&gt;&quot;}\"><div class=\"w-video-h\"><\/div><div class=\"w-video-icon\" style=\"font-size:1.5rem;background:rgba(0,0,0,0.5);color:#fff\"><\/div><\/div><div class=\"wpb_text_column us_custom_30cde5fb has_text_color\"><div class=\"wpb_wrapper\"><p><span lang=\"de-DE\">Cataclean Kohlenstoff-Test<\/span><\/p>\n<\/div><\/div><div class=\"w-separator size_small\"><\/div><div class=\"w-video align_none ratio_16x9\" onclick=\"return {&quot;player_html&quot;:&quot;&lt;iframe class=\\&quot;wp-embedded-content\\&quot; sandbox=\\&quot;allow-scripts\\&quot; security=\\&quot;restricted\\&quot; title=\\&quot;cataclean in the workshop_FINAL_DE_SRT\\&quot; src=\\&quot;https:\\\/\\\/streamable.com\\\/o\\\/miulrc#?secret=3aRd3hVImg\\&quot; data-secret=\\&quot;3aRd3hVImg\\&quot; frameborder=\\&quot;0\\&quot; scrolling=\\&quot;no\\&quot; width=\\&quot;1920\\&quot; height=\\&quot;1080\\&quot;&gt;&lt;\\\/iframe&gt;&quot;}\"><div class=\"w-video-h\"><\/div><div class=\"w-video-icon\" style=\"font-size:1.5rem;background:rgba(0,0,0,0.5);color:#fff\"><\/div><\/div><div class=\"wpb_text_column us_custom_30cde5fb has_text_color\"><div class=\"wpb_wrapper\"><p><span lang=\"de-DE\">Cataclean in der Werkstatt<\/span><\/p>\n<\/div><\/div><div class=\"w-separator size_small\"><\/div><\/div><\/div><\/div><\/div><\/div><\/section>\n","protected":false},"excerpt":{"rendered":"Aktuelle Infos f\u00fcr Wiederverk\u00e4ufer und Vertriebsh\u00e4ndler.\u00a0HIER KLICKEN Medien [vc_raw_js]JTNDc2NyaXB0JTNFJTBBdmFyJTIwJTI0JTIwJTNEJTIwalF1ZXJ5JTNCJTBBJTBBJTI0JTI4ZG9jdW1lbnQlMjkucmVhZHklMjhmdW5jdGlvbiUyOCUyOSUyMCU3QiUwQSUyMCUyMCUyMGxldCUyMGVsZW1lbnQlMjAlM0QlMjAlNjAlM0NkaXYlMjBjbGFzcyUzRCUyMmJhci1ncmVlbiUyMiUzRSUzQyUyRmRpdiUzRSU2MCUzQiUwQSUyMCUyMCUyMCUyNCUyOCUyNy5iYW5uZXIlMjclMjkuYXBwZW5kJTI4ZWxlbWVudCUyOSUzQiUwQSU3RCUyOSUzQiUwQSUwQSUzQyUyRnNjcmlwdCUzRQ==[\/vc_raw_js] Klicken Sie auf die nachstehenden Videos und Interviews, um mehr \u00fcber Cataclean zu erfahren! Informieren Sie sich \u00fcber unsere Produkte und ausf\u00fchrlichen Produkttests. Finden Sie heraus, warum Ihr Motor mit unseren Produkten besser l\u00e4uft und l\u00e4nger h\u00e4lt. Holen Sie sich jetzt Ihre Flasche Cataclean! Werden Sie...","protected":false},"author":1,"featured_media":0,"parent":0,"menu_order":0,"comment_status":"closed","ping_status":"closed","template":"","meta":{"_acf_changed":false,"footnotes":""},"class_list":["post-911","page","type-page","status-publish","hentry"],"acf":[],"yoast_head":"<!-- This site is optimized with the Yoast SEO plugin v26.1.1 - https:\/\/yoast.com\/wordpress\/plugins\/seo\/ -->\n<title>Medien - Cataclean<\/title>\n<meta name=\"robots\" content=\"index, follow, max-snippet:-1, max-image-preview:large, max-video-preview:-1\" \/>\n<link rel=\"canonical\" href=\"https:\/\/cataclean.com\/de\/medien\/\" \/>\n<meta property=\"og:locale\" content=\"de_DE\" \/>\n<meta property=\"og:type\" content=\"article\" \/>\n<meta property=\"og:title\" content=\"Medien - Cataclean\" \/>\n<meta property=\"og:url\" content=\"https:\/\/cataclean.com\/de\/medien\/\" \/>\n<meta property=\"og:site_name\" content=\"Cataclean\" \/>\n<meta property=\"article:publisher\" content=\"https:\/\/www.facebook.com\/cataclean\/\" \/>\n<meta property=\"article:modified_time\" content=\"2022-06-06T18:18:33+00:00\" \/>\n<meta name=\"twitter:card\" content=\"summary_large_image\" \/>\n<meta name=\"twitter:site\" content=\"@Catacleanuk\" \/>\n<meta name=\"twitter:label1\" content=\"Gesch\u00e4tzte Lesezeit\" \/>\n\t<meta name=\"twitter:data1\" content=\"2\u00a0Minuten\" \/>\n<script type=\"application\/ld+json\" class=\"yoast-schema-graph\">{\"@context\":\"https:\/\/schema.org\",\"@graph\":[{\"@type\":\"WebPage\",\"@id\":\"https:\/\/cataclean.com\/de\/medien\/\",\"url\":\"https:\/\/cataclean.com\/de\/medien\/\",\"name\":\"Medien - Cataclean\",\"isPartOf\":{\"@id\":\"https:\/\/cataclean.com\/#website\"},\"datePublished\":\"2022-01-25T12:23:00+00:00\",\"dateModified\":\"2022-06-06T18:18:33+00:00\",\"breadcrumb\":{\"@id\":\"https:\/\/cataclean.com\/de\/medien\/#breadcrumb\"},\"inLanguage\":\"de\",\"potentialAction\":[{\"@type\":\"ReadAction\",\"target\":[\"https:\/\/cataclean.com\/de\/medien\/\"]}]},{\"@type\":\"BreadcrumbList\",\"@id\":\"https:\/\/cataclean.com\/de\/medien\/#breadcrumb\",\"itemListElement\":[{\"@type\":\"ListItem\",\"position\":1,\"name\":\"Home\",\"item\":\"https:\/\/cataclean.com\/de\/\"},{\"@type\":\"ListItem\",\"position\":2,\"name\":\"Medien\"}]},{\"@type\":\"WebSite\",\"@id\":\"https:\/\/cataclean.com\/#website\",\"url\":\"https:\/\/cataclean.com\/\",\"name\":\"Cataclean\",\"description\":\"THE COMPLETE FUEL AND EXHAUST SYSTEM CLEANER\",\"publisher\":{\"@id\":\"https:\/\/cataclean.com\/#organization\"},\"potentialAction\":[{\"@type\":\"SearchAction\",\"target\":{\"@type\":\"EntryPoint\",\"urlTemplate\":\"https:\/\/cataclean.com\/?s={search_term_string}\"},\"query-input\":{\"@type\":\"PropertyValueSpecification\",\"valueRequired\":true,\"valueName\":\"search_term_string\"}}],\"inLanguage\":\"de\"},{\"@type\":\"Organization\",\"@id\":\"https:\/\/cataclean.com\/#organization\",\"name\":\"Cataclean\",\"url\":\"https:\/\/cataclean.com\/\",\"logo\":{\"@type\":\"ImageObject\",\"inLanguage\":\"de\",\"@id\":\"https:\/\/cataclean.com\/#\/schema\/logo\/image\/\",\"url\":\"https:\/\/cataclean.com\/wp-content\/uploads\/2022\/01\/cataclean-logo.webp\",\"contentUrl\":\"https:\/\/cataclean.com\/wp-content\/uploads\/2022\/01\/cataclean-logo.webp\",\"width\":460,\"height\":68,\"caption\":\"Cataclean\"},\"image\":{\"@id\":\"https:\/\/cataclean.com\/#\/schema\/logo\/image\/\"},\"sameAs\":[\"https:\/\/www.facebook.com\/cataclean\/\",\"https:\/\/x.com\/Catacleanuk\"]}]}<\/script>\n<!-- \/ Yoast SEO plugin. -->","yoast_head_json":{"title":"Medien - Cataclean","robots":{"index":"index","follow":"follow","max-snippet":"max-snippet:-1","max-image-preview":"max-image-preview:large","max-video-preview":"max-video-preview:-1"},"canonical":"https:\/\/cataclean.com\/de\/medien\/","og_locale":"de_DE","og_type":"article","og_title":"Medien - Cataclean","og_url":"https:\/\/cataclean.com\/de\/medien\/","og_site_name":"Cataclean","article_publisher":"https:\/\/www.facebook.com\/cataclean\/","article_modified_time":"2022-06-06T18:18:33+00:00","twitter_card":"summary_large_image","twitter_site":"@Catacleanuk","twitter_misc":{"Gesch\u00e4tzte Lesezeit":"2\u00a0Minuten"},"schema":{"@context":"https:\/\/schema.org","@graph":[{"@type":"WebPage","@id":"https:\/\/cataclean.com\/de\/medien\/","url":"https:\/\/cataclean.com\/de\/medien\/","name":"Medien - Cataclean","isPartOf":{"@id":"https:\/\/cataclean.com\/#website"},"datePublished":"2022-01-25T12:23:00+00:00","dateModified":"2022-06-06T18:18:33+00:00","breadcrumb":{"@id":"https:\/\/cataclean.com\/de\/medien\/#breadcrumb"},"inLanguage":"de","potentialAction":[{"@type":"ReadAction","target":["https:\/\/cataclean.com\/de\/medien\/"]}]},{"@type":"BreadcrumbList","@id":"https:\/\/cataclean.com\/de\/medien\/#breadcrumb","itemListElement":[{"@type":"ListItem","position":1,"name":"Home","item":"https:\/\/cataclean.com\/de\/"},{"@type":"ListItem","position":2,"name":"Medien"}]},{"@type":"WebSite","@id":"https:\/\/cataclean.com\/#website","url":"https:\/\/cataclean.com\/","name":"Cataclean","description":"THE COMPLETE FUEL AND EXHAUST SYSTEM CLEANER","publisher":{"@id":"https:\/\/cataclean.com\/#organization"},"potentialAction":[{"@type":"SearchAction","target":{"@type":"EntryPoint","urlTemplate":"https:\/\/cataclean.com\/?s={search_term_string}"},"query-input":{"@type":"PropertyValueSpecification","valueRequired":true,"valueName":"search_term_string"}}],"inLanguage":"de"},{"@type":"Organization","@id":"https:\/\/cataclean.com\/#organization","name":"Cataclean","url":"https:\/\/cataclean.com\/","logo":{"@type":"ImageObject","inLanguage":"de","@id":"https:\/\/cataclean.com\/#\/schema\/logo\/image\/","url":"https:\/\/cataclean.com\/wp-content\/uploads\/2022\/01\/cataclean-logo.webp","contentUrl":"https:\/\/cataclean.com\/wp-content\/uploads\/2022\/01\/cataclean-logo.webp","width":460,"height":68,"caption":"Cataclean"},"image":{"@id":"https:\/\/cataclean.com\/#\/schema\/logo\/image\/"},"sameAs":["https:\/\/www.facebook.com\/cataclean\/","https:\/\/x.com\/Catacleanuk"]}]}},"_links":{"self":[{"href":"https:\/\/cataclean.com\/de\/wp-json\/wp\/v2\/pages\/911","targetHints":{"allow":["GET"]}}],"collection":[{"href":"https:\/\/cataclean.com\/de\/wp-json\/wp\/v2\/pages"}],"about":[{"href":"https:\/\/cataclean.com\/de\/wp-json\/wp\/v2\/types\/page"}],"author":[{"embeddable":true,"href":"https:\/\/cataclean.com\/de\/wp-json\/wp\/v2\/users\/1"}],"replies":[{"embeddable":true,"href":"https:\/\/cataclean.com\/de\/wp-json\/wp\/v2\/comments?post=911"}],"version-history":[{"count":4,"href":"https:\/\/cataclean.com\/de\/wp-json\/wp\/v2\/pages\/911\/revisions"}],"predecessor-version":[{"id":1122,"href":"https:\/\/cataclean.com\/de\/wp-json\/wp\/v2\/pages\/911\/revisions\/1122"}],"wp:attachment":[{"href":"https:\/\/cataclean.com\/de\/wp-json\/wp\/v2\/media?parent=911"}],"curies":[{"name":"wp","href":"https:\/\/api.w.org\/{rel}","templated":true}]}}