{"id":906,"date":"2022-01-26T15:54:31","date_gmt":"2022-01-26T15:54:31","guid":{"rendered":"https:\/\/cataclean.com\/abonnieren\/"},"modified":"2022-05-29T23:32:50","modified_gmt":"2022-05-29T22:32:50","slug":"abonnieren","status":"publish","type":"page","link":"https:\/\/cataclean.com\/de\/abonnieren\/","title":{"rendered":"Abonnieren"},"content":{"rendered":"<section class=\"l-section wpb_row height_medium\"><div class=\"l-section-h i-cf\"><div class=\"g-cols vc_row via_flex valign_top type_default stacking_default\"><div class=\"vc_col-sm-6 wpb_column vc_column_container\"><div class=\"vc_column-inner\"><div class=\"wpb_wrapper\"><div class=\"wpb_text_column us_custom_b2f49ef3 has_text_color\"><div class=\"wpb_wrapper\"><div id=\"bgLayers_comp-kosik35f\" class=\"_3wnIc\" data-hook=\"bgLayers\">\n<h2 id=\"bgMedia_comp-kosik35f\" class=\"_2GUhU\">Abonnieren<\/h2>\n<\/div>\n<\/div><\/div><div class=\"wpb_text_column\"><div class=\"wpb_wrapper\"><p class=\"font_8\">Als Abonnent halten wir Sie \u00fcber alles zum Thema Cataclean auf dem Laufenden. Dazu geh\u00f6ren neue Produktentwicklungen, exklusive Angebotscodes und Gewinnspiele sowie unsere Zusammenarbeit mit dem Motorsport in Gro\u00dfbritannien.<\/p>\n<p class=\"font_8\">Geben Sie Ihren n\u00e4chsten Abgastest-Termin ein und wir erinnern Sie daran, dass es Zeit ist, Ihr Cataclean nachzuf\u00fcllen.<\/p>\n<\/div><\/div><\/div><\/div><\/div><div class=\"vc_col-sm-6 wpb_column vc_column_container\"><div class=\"vc_column-inner\"><div class=\"wpb_wrapper\">\n<div class=\"wpcf7 no-js\" id=\"wpcf7-f909-o1\" lang=\"de-DE\" dir=\"ltr\" data-wpcf7-id=\"909\">\n<div class=\"screen-reader-response\"><p role=\"status\" aria-live=\"polite\" aria-atomic=\"true\"><\/p> <ul><\/ul><\/div>\n<form action=\"\/de\/wp-json\/wp\/v2\/pages\/906#wpcf7-f909-o1\" method=\"post\" class=\"wpcf7-form init\" aria-label=\"Kontaktformular\" novalidate=\"novalidate\" data-status=\"init\">\n<fieldset class=\"hidden-fields-container\"><input type=\"hidden\" name=\"_wpcf7\" value=\"909\" \/><input type=\"hidden\" name=\"_wpcf7_version\" value=\"6.1.2\" \/><input type=\"hidden\" name=\"_wpcf7_locale\" value=\"de_DE\" \/><input type=\"hidden\" name=\"_wpcf7_unit_tag\" value=\"wpcf7-f909-o1\" \/><input type=\"hidden\" name=\"_wpcf7_container_post\" value=\"0\" \/><input type=\"hidden\" name=\"_wpcf7_posted_data_hash\" value=\"\" \/><input type=\"hidden\" name=\"_wpcf7_recaptcha_response\" value=\"\" \/>\n<\/fieldset>\n<p><span class=\"wpcf7-form-control-wrap\" data-name=\"your-name\"><input size=\"40\" maxlength=\"400\" class=\"wpcf7-form-control wpcf7-text wpcf7-validates-as-required\" aria-required=\"true\" aria-invalid=\"false\" placeholder=\"Name\" value=\"\" type=\"text\" name=\"your-name\" \/><\/span>\n<\/p>\n<p><span class=\"wpcf7-form-control-wrap\" data-name=\"your-email\"><input size=\"40\" maxlength=\"400\" class=\"wpcf7-form-control wpcf7-email wpcf7-validates-as-required wpcf7-text wpcf7-validates-as-email\" aria-required=\"true\" aria-invalid=\"false\" placeholder=\"E-Mail\" value=\"\" type=\"email\" name=\"your-email\" \/><\/span>\n<\/p>\n<p><span class=\"wpcf7-form-control-wrap\" data-name=\"your-tel\"><input size=\"40\" maxlength=\"400\" class=\"wpcf7-form-control wpcf7-tel wpcf7-text wpcf7-validates-as-tel\" aria-invalid=\"false\" placeholder=\"Telefon\" value=\"\" type=\"tel\" name=\"your-tel\" \/><\/span>\n<\/p>\n<p><span class=\"wpcf7-form-control-wrap\" data-name=\"your-mot\"><input size=\"40\" maxlength=\"400\" class=\"wpcf7-form-control wpcf7-text\" aria-invalid=\"false\" placeholder=\"Datum des Abgastests\" value=\"\" type=\"text\" name=\"your-mot\" \/><\/span>\n<\/p>\n<p><span class=\"wpcf7-form-control-wrap\" data-name=\"your-message\"><textarea cols=\"40\" rows=\"10\" maxlength=\"2000\" class=\"wpcf7-form-control wpcf7-textarea\" aria-invalid=\"false\" placeholder=\"Eine Nachricht hinzuf\u00fcgen\" name=\"your-message\"><\/textarea><\/span>\n<\/p>\n<p><input class=\"wpcf7-form-control wpcf7-submit has-spinner\" type=\"submit\" value=\"Senden\" \/>\n<\/p><div class=\"wpcf7-response-output\" aria-hidden=\"true\"><\/div>\n<\/form>\n<\/div>\n<\/div><\/div><\/div><\/div><\/div><\/section>\n","protected":false},"excerpt":{"rendered":"Abonnieren Als Abonnent halten wir Sie \u00fcber alles zum Thema Cataclean auf dem Laufenden. Dazu geh\u00f6ren neue Produktentwicklungen, exklusive Angebotscodes und Gewinnspiele sowie unsere Zusammenarbeit mit dem Motorsport in Gro\u00dfbritannien. Geben Sie Ihren n\u00e4chsten Abgastest-Termin ein und wir erinnern Sie daran, dass es Zeit ist, Ihr Cataclean nachzuf\u00fcllen.","protected":false},"author":1,"featured_media":0,"parent":0,"menu_order":0,"comment_status":"closed","ping_status":"closed","template":"","meta":{"_acf_changed":false,"footnotes":""},"class_list":["post-906","page","type-page","status-publish","hentry"],"acf":[],"yoast_head":"<!-- This site is optimized with the Yoast SEO plugin v26.1.1 - https:\/\/yoast.com\/wordpress\/plugins\/seo\/ -->\n<title>Abonnieren - Cataclean<\/title>\n<meta name=\"robots\" content=\"index, follow, max-snippet:-1, max-image-preview:large, max-video-preview:-1\" \/>\n<link rel=\"canonical\" href=\"https:\/\/cataclean.com\/de\/abonnieren\/\" \/>\n<meta property=\"og:locale\" content=\"de_DE\" \/>\n<meta property=\"og:type\" content=\"article\" \/>\n<meta property=\"og:title\" content=\"Abonnieren - Cataclean\" \/>\n<meta property=\"og:url\" content=\"https:\/\/cataclean.com\/de\/abonnieren\/\" \/>\n<meta property=\"og:site_name\" content=\"Cataclean\" \/>\n<meta property=\"article:publisher\" content=\"https:\/\/www.facebook.com\/cataclean\/\" \/>\n<meta property=\"article:modified_time\" content=\"2022-05-29T22:32:50+00:00\" \/>\n<meta name=\"twitter:card\" content=\"summary_large_image\" \/>\n<meta name=\"twitter:site\" content=\"@Catacleanuk\" \/>\n<script type=\"application\/ld+json\" class=\"yoast-schema-graph\">{\"@context\":\"https:\/\/schema.org\",\"@graph\":[{\"@type\":\"WebPage\",\"@id\":\"https:\/\/cataclean.com\/de\/abonnieren\/\",\"url\":\"https:\/\/cataclean.com\/de\/abonnieren\/\",\"name\":\"Abonnieren - Cataclean\",\"isPartOf\":{\"@id\":\"https:\/\/cataclean.com\/#website\"},\"datePublished\":\"2022-01-26T15:54:31+00:00\",\"dateModified\":\"2022-05-29T22:32:50+00:00\",\"breadcrumb\":{\"@id\":\"https:\/\/cataclean.com\/de\/abonnieren\/#breadcrumb\"},\"inLanguage\":\"de\",\"potentialAction\":[{\"@type\":\"ReadAction\",\"target\":[\"https:\/\/cataclean.com\/de\/abonnieren\/\"]}]},{\"@type\":\"BreadcrumbList\",\"@id\":\"https:\/\/cataclean.com\/de\/abonnieren\/#breadcrumb\",\"itemListElement\":[{\"@type\":\"ListItem\",\"position\":1,\"name\":\"Home\",\"item\":\"https:\/\/cataclean.com\/de\/\"},{\"@type\":\"ListItem\",\"position\":2,\"name\":\"Abonnieren\"}]},{\"@type\":\"WebSite\",\"@id\":\"https:\/\/cataclean.com\/#website\",\"url\":\"https:\/\/cataclean.com\/\",\"name\":\"Cataclean\",\"description\":\"THE COMPLETE FUEL AND EXHAUST SYSTEM CLEANER\",\"publisher\":{\"@id\":\"https:\/\/cataclean.com\/#organization\"},\"potentialAction\":[{\"@type\":\"SearchAction\",\"target\":{\"@type\":\"EntryPoint\",\"urlTemplate\":\"https:\/\/cataclean.com\/?s={search_term_string}\"},\"query-input\":{\"@type\":\"PropertyValueSpecification\",\"valueRequired\":true,\"valueName\":\"search_term_string\"}}],\"inLanguage\":\"de\"},{\"@type\":\"Organization\",\"@id\":\"https:\/\/cataclean.com\/#organization\",\"name\":\"Cataclean\",\"url\":\"https:\/\/cataclean.com\/\",\"logo\":{\"@type\":\"ImageObject\",\"inLanguage\":\"de\",\"@id\":\"https:\/\/cataclean.com\/#\/schema\/logo\/image\/\",\"url\":\"https:\/\/cataclean.com\/wp-content\/uploads\/2022\/01\/cataclean-logo.webp\",\"contentUrl\":\"https:\/\/cataclean.com\/wp-content\/uploads\/2022\/01\/cataclean-logo.webp\",\"width\":460,\"height\":68,\"caption\":\"Cataclean\"},\"image\":{\"@id\":\"https:\/\/cataclean.com\/#\/schema\/logo\/image\/\"},\"sameAs\":[\"https:\/\/www.facebook.com\/cataclean\/\",\"https:\/\/x.com\/Catacleanuk\"]}]}<\/script>\n<!-- \/ Yoast SEO plugin. -->","yoast_head_json":{"title":"Abonnieren - Cataclean","robots":{"index":"index","follow":"follow","max-snippet":"max-snippet:-1","max-image-preview":"max-image-preview:large","max-video-preview":"max-video-preview:-1"},"canonical":"https:\/\/cataclean.com\/de\/abonnieren\/","og_locale":"de_DE","og_type":"article","og_title":"Abonnieren - Cataclean","og_url":"https:\/\/cataclean.com\/de\/abonnieren\/","og_site_name":"Cataclean","article_publisher":"https:\/\/www.facebook.com\/cataclean\/","article_modified_time":"2022-05-29T22:32:50+00:00","twitter_card":"summary_large_image","twitter_site":"@Catacleanuk","schema":{"@context":"https:\/\/schema.org","@graph":[{"@type":"WebPage","@id":"https:\/\/cataclean.com\/de\/abonnieren\/","url":"https:\/\/cataclean.com\/de\/abonnieren\/","name":"Abonnieren - Cataclean","isPartOf":{"@id":"https:\/\/cataclean.com\/#website"},"datePublished":"2022-01-26T15:54:31+00:00","dateModified":"2022-05-29T22:32:50+00:00","breadcrumb":{"@id":"https:\/\/cataclean.com\/de\/abonnieren\/#breadcrumb"},"inLanguage":"de","potentialAction":[{"@type":"ReadAction","target":["https:\/\/cataclean.com\/de\/abonnieren\/"]}]},{"@type":"BreadcrumbList","@id":"https:\/\/cataclean.com\/de\/abonnieren\/#breadcrumb","itemListElement":[{"@type":"ListItem","position":1,"name":"Home","item":"https:\/\/cataclean.com\/de\/"},{"@type":"ListItem","position":2,"name":"Abonnieren"}]},{"@type":"WebSite","@id":"https:\/\/cataclean.com\/#website","url":"https:\/\/cataclean.com\/","name":"Cataclean","description":"THE COMPLETE FUEL AND EXHAUST SYSTEM CLEANER","publisher":{"@id":"https:\/\/cataclean.com\/#organization"},"potentialAction":[{"@type":"SearchAction","target":{"@type":"EntryPoint","urlTemplate":"https:\/\/cataclean.com\/?s={search_term_string}"},"query-input":{"@type":"PropertyValueSpecification","valueRequired":true,"valueName":"search_term_string"}}],"inLanguage":"de"},{"@type":"Organization","@id":"https:\/\/cataclean.com\/#organization","name":"Cataclean","url":"https:\/\/cataclean.com\/","logo":{"@type":"ImageObject","inLanguage":"de","@id":"https:\/\/cataclean.com\/#\/schema\/logo\/image\/","url":"https:\/\/cataclean.com\/wp-content\/uploads\/2022\/01\/cataclean-logo.webp","contentUrl":"https:\/\/cataclean.com\/wp-content\/uploads\/2022\/01\/cataclean-logo.webp","width":460,"height":68,"caption":"Cataclean"},"image":{"@id":"https:\/\/cataclean.com\/#\/schema\/logo\/image\/"},"sameAs":["https:\/\/www.facebook.com\/cataclean\/","https:\/\/x.com\/Catacleanuk"]}]}},"_links":{"self":[{"href":"https:\/\/cataclean.com\/de\/wp-json\/wp\/v2\/pages\/906","targetHints":{"allow":["GET"]}}],"collection":[{"href":"https:\/\/cataclean.com\/de\/wp-json\/wp\/v2\/pages"}],"about":[{"href":"https:\/\/cataclean.com\/de\/wp-json\/wp\/v2\/types\/page"}],"author":[{"embeddable":true,"href":"https:\/\/cataclean.com\/de\/wp-json\/wp\/v2\/users\/1"}],"replies":[{"embeddable":true,"href":"https:\/\/cataclean.com\/de\/wp-json\/wp\/v2\/comments?post=906"}],"version-history":[{"count":2,"href":"https:\/\/cataclean.com\/de\/wp-json\/wp\/v2\/pages\/906\/revisions"}],"predecessor-version":[{"id":908,"href":"https:\/\/cataclean.com\/de\/wp-json\/wp\/v2\/pages\/906\/revisions\/908"}],"wp:attachment":[{"href":"https:\/\/cataclean.com\/de\/wp-json\/wp\/v2\/media?parent=906"}],"curies":[{"name":"wp","href":"https:\/\/api.w.org\/{rel}","templated":true}]}}