{"id":896,"date":"2022-01-25T12:22:15","date_gmt":"2022-01-25T12:22:15","guid":{"rendered":"https:\/\/cataclean.com\/ueber-uns\/"},"modified":"2023-04-27T10:15:56","modified_gmt":"2023-04-27T09:15:56","slug":"ueber-uns","status":"publish","type":"page","link":"https:\/\/cataclean.com\/de\/ueber-uns\/","title":{"rendered":"\u00dcber uns"},"content":{"rendered":"<style data-type=\"us_custom-css\">.click-me a{text-decoration:underline;color:#ffffff}<\/style><section class=\"l-section wpb_row us_custom_734fd479 has_text_color height_medium\"><div class=\"l-section-h i-cf\"><div class=\"g-cols vc_row via_flex valign_top type_default stacking_default\"><div class=\"vc_col-sm-12 wpb_column vc_column_container\"><div class=\"vc_column-inner\"><div class=\"wpb_wrapper\"><div class=\"wpb_text_column click-me\"><div class=\"wpb_wrapper\"><p style=\"text-align: center;\"><strong>Aktuelle Infos f\u00fcr Wiederverk\u00e4ufer und Vertriebsh\u00e4ndler.\u00a0<a href=\"https:\/\/cataclean.com\/tool-connection-news\/\" rel=\"noopener\">HIER KLICKEN<\/a><\/strong><\/p>\n<\/div><\/div><\/div><\/div><\/div><\/div><\/div><\/section>\n<section class=\"l-section wpb_row us_custom_bd074fef banner height_medium\"><div class=\"l-section-h i-cf\"><div class=\"g-cols vc_row via_flex valign_top type_default stacking_default\"><div class=\"vc_col-sm-12 wpb_column vc_column_container\"><div class=\"vc_column-inner us_custom_b3be410f\"><div class=\"wpb_wrapper\"><div class=\"wpb_text_column us_custom_e4db3b61 has_text_color\"><div class=\"wpb_wrapper\"><h1>\u00dcber uns<\/h1>\n<\/div><\/div>[vc_raw_js]JTNDc2NyaXB0JTNFJTBBdmFyJTIwJTI0JTIwJTNEJTIwalF1ZXJ5JTNCJTBBJTBBJTI0JTI4ZG9jdW1lbnQlMjkucmVhZHklMjhmdW5jdGlvbiUyOCUyOSUyMCU3QiUwQSUyMCUyMCUyMGxldCUyMGVsZW1lbnQlMjAlM0QlMjAlNjAlM0NkaXYlMjBjbGFzcyUzRCUyMmJhci1ncmVlbiUyMiUzRSUzQyUyRmRpdiUzRSU2MCUzQiUwQSUyMCUyMCUyMCUyNCUyOCUyNy5iYW5uZXIlMjclMjkuYXBwZW5kJTI4ZWxlbWVudCUyOSUzQiUwQSU3RCUyOSUzQiUwQSUwQSUzQyUyRnNjcmlwdCUzRQ==[\/vc_raw_js]<\/div><\/div><\/div><\/div><\/div><\/section><section class=\"l-section wpb_row height_medium\"><div class=\"l-section-h i-cf\"><div class=\"g-cols vc_row via_flex valign_top type_default stacking_default\"><div class=\"vc_col-sm-8 wpb_column vc_column_container\"><div class=\"vc_column-inner\"><div class=\"wpb_wrapper\"><div class=\"wpb_text_column\"><div class=\"wpb_wrapper\"><p><span lang=\"de-DE\">Cataclean stellt eine Reihe von Komplett-Reinigungsprodukten f\u00fcr Ihr Motor-, Kraftstoff- und Abgassystem her, \u201emit denen die Emissionen eines Fahrzeugs erheblich gesenkt werden k\u00f6nnen. Es kann auch die Motorleistung wiederherstellen und den Kraftstoffverbrauch verringern. Cataclean ist bei Produkten f\u00fcr die Innenreinigung von Motoren weithin als ein weltweiter Marktf\u00fchrer anerkannt.<\/span><\/p>\n<p><span lang=\"de-DE\">Unsere Geschichte begann 1995, als wir eine Reihe bequemer Fl\u00fcssigl\u00f6sungen f\u00fcr die Reinigung von Kraftstoff- und Abgassystemen vor, w\u00e4hrend und nach der Verbrennung entwickelten und patentieren lie\u00dfen, um so den Kauf von Premiumkraftstoffen an der Tankstelle \u00fcberfl\u00fcssig zu machen.<\/span><\/p>\n<p><span lang=\"de-DE\">Vom Schutz und der Pflege des Katalysators bis zur Beseitigung von Verstopfungen im Diesel\u00adpartikelfilter sollte Cataclean viertelj\u00e4hrlich verwendet werden, um Ihren Motor zu sch\u00fctzen und zu reinigen.<\/span><\/p>\n<p><span lang=\"de-DE\">Cataclean ist als Benzin-, Diesel- und Hybridvariante f\u00fcr Pkw, Transporter und Wohnmobile erh\u00e4ltlich. Wir haben auch Produkte f\u00fcr Motorr\u00e4der, Werkzeuge und Gartenmaschinen.<\/span><\/p>\n<p><span lang=\"de-DE\">Wir sind ein britisches Unternehmen, das nach Europa, Asien, Afrika und in die USA exportiert. Unsere Produkte haben sich bei einer Reihe von Organisa\u00adtionen weltweit bew\u00e4hrt, von der American Automobile Association und Metro Taxi in den Vereinigten Arabischen Emiraten (VAE) bis hin zur Polizei von Lancashire und Veolia in Gro\u00dfbritannien.<\/span><\/p>\n<p><span lang=\"de-DE\">Nicht zuletzt haben unsere Produkte auch viele Empfehlungen von Branchenexperten und Kunden erhalten, darunter die Fachzeit\u00adschriften Car Mechanics und Professional Mechanics.<\/span><\/p>\n<p><span lang=\"de-DE\">Mit \u00fcber 6.000 Bewertungen auf Amazon, von denen die meisten mit f\u00fcnf Sternen bewertet wurden, und empfohlen von Halfords Autocentre, werden unsere Produkte in der Pannenfahr\u00adzeug\u00adflotte von RAC mitgef\u00fchrt \u2013 eine Referenz, auf die wir sehr stolz sind \u2013 und sie entsprechen der strengen EU-Gesetzgebung, was uns die Gewissheit gibt, dass sie die Umwelt nicht belasten.<\/span><\/p>\n<\/div><\/div><\/div><\/div><\/div><div class=\"vc_col-sm-4 wpb_column vc_column_container\"><div class=\"vc_column-inner\"><div class=\"wpb_wrapper\"><\/div><\/div><\/div><\/div><\/div><\/section>\n","protected":false},"excerpt":{"rendered":"Aktuelle Infos f\u00fcr Wiederverk\u00e4ufer und Vertriebsh\u00e4ndler.\u00a0HIER KLICKEN \u00dcber uns [vc_raw_js]JTNDc2NyaXB0JTNFJTBBdmFyJTIwJTI0JTIwJTNEJTIwalF1ZXJ5JTNCJTBBJTBBJTI0JTI4ZG9jdW1lbnQlMjkucmVhZHklMjhmdW5jdGlvbiUyOCUyOSUyMCU3QiUwQSUyMCUyMCUyMGxldCUyMGVsZW1lbnQlMjAlM0QlMjAlNjAlM0NkaXYlMjBjbGFzcyUzRCUyMmJhci1ncmVlbiUyMiUzRSUzQyUyRmRpdiUzRSU2MCUzQiUwQSUyMCUyMCUyMCUyNCUyOCUyNy5iYW5uZXIlMjclMjkuYXBwZW5kJTI4ZWxlbWVudCUyOSUzQiUwQSU3RCUyOSUzQiUwQSUwQSUzQyUyRnNjcmlwdCUzRQ==[\/vc_raw_js]Cataclean stellt eine Reihe von Komplett-Reinigungsprodukten f\u00fcr Ihr Motor-, Kraftstoff- und Abgassystem her, \u201emit denen die Emissionen eines Fahrzeugs erheblich gesenkt werden k\u00f6nnen. Es kann auch die Motorleistung wiederherstellen und den Kraftstoffverbrauch verringern. Cataclean ist bei Produkten f\u00fcr die Innenreinigung von Motoren weithin als ein weltweiter...","protected":false},"author":1,"featured_media":0,"parent":0,"menu_order":0,"comment_status":"closed","ping_status":"closed","template":"","meta":{"_acf_changed":false,"footnotes":""},"class_list":["post-896","page","type-page","status-publish","hentry"],"acf":[],"yoast_head":"<!-- This site is optimized with the Yoast SEO plugin v26.1.1 - https:\/\/yoast.com\/wordpress\/plugins\/seo\/ -->\n<title>\u00dcber uns - Cataclean<\/title>\n<meta name=\"robots\" content=\"index, follow, max-snippet:-1, max-image-preview:large, max-video-preview:-1\" \/>\n<link rel=\"canonical\" href=\"https:\/\/cataclean.com\/de\/ueber-uns\/\" \/>\n<meta property=\"og:locale\" content=\"de_DE\" \/>\n<meta property=\"og:type\" content=\"article\" \/>\n<meta property=\"og:title\" content=\"\u00dcber uns - Cataclean\" \/>\n<meta property=\"og:url\" content=\"https:\/\/cataclean.com\/de\/ueber-uns\/\" \/>\n<meta property=\"og:site_name\" content=\"Cataclean\" \/>\n<meta property=\"article:publisher\" content=\"https:\/\/www.facebook.com\/cataclean\/\" \/>\n<meta property=\"article:modified_time\" content=\"2023-04-27T09:15:56+00:00\" \/>\n<meta name=\"twitter:card\" content=\"summary_large_image\" \/>\n<meta name=\"twitter:site\" content=\"@Catacleanuk\" \/>\n<meta name=\"twitter:label1\" content=\"Gesch\u00e4tzte Lesezeit\" \/>\n\t<meta name=\"twitter:data1\" content=\"2\u00a0Minuten\" \/>\n<script type=\"application\/ld+json\" class=\"yoast-schema-graph\">{\"@context\":\"https:\/\/schema.org\",\"@graph\":[{\"@type\":\"WebPage\",\"@id\":\"https:\/\/cataclean.com\/de\/ueber-uns\/\",\"url\":\"https:\/\/cataclean.com\/de\/ueber-uns\/\",\"name\":\"\u00dcber uns - Cataclean\",\"isPartOf\":{\"@id\":\"https:\/\/cataclean.com\/#website\"},\"datePublished\":\"2022-01-25T12:22:15+00:00\",\"dateModified\":\"2023-04-27T09:15:56+00:00\",\"breadcrumb\":{\"@id\":\"https:\/\/cataclean.com\/de\/ueber-uns\/#breadcrumb\"},\"inLanguage\":\"de\",\"potentialAction\":[{\"@type\":\"ReadAction\",\"target\":[\"https:\/\/cataclean.com\/de\/ueber-uns\/\"]}]},{\"@type\":\"BreadcrumbList\",\"@id\":\"https:\/\/cataclean.com\/de\/ueber-uns\/#breadcrumb\",\"itemListElement\":[{\"@type\":\"ListItem\",\"position\":1,\"name\":\"Home\",\"item\":\"https:\/\/cataclean.com\/de\/\"},{\"@type\":\"ListItem\",\"position\":2,\"name\":\"\u00dcber uns\"}]},{\"@type\":\"WebSite\",\"@id\":\"https:\/\/cataclean.com\/#website\",\"url\":\"https:\/\/cataclean.com\/\",\"name\":\"Cataclean\",\"description\":\"THE COMPLETE FUEL AND EXHAUST SYSTEM CLEANER\",\"publisher\":{\"@id\":\"https:\/\/cataclean.com\/#organization\"},\"potentialAction\":[{\"@type\":\"SearchAction\",\"target\":{\"@type\":\"EntryPoint\",\"urlTemplate\":\"https:\/\/cataclean.com\/?s={search_term_string}\"},\"query-input\":{\"@type\":\"PropertyValueSpecification\",\"valueRequired\":true,\"valueName\":\"search_term_string\"}}],\"inLanguage\":\"de\"},{\"@type\":\"Organization\",\"@id\":\"https:\/\/cataclean.com\/#organization\",\"name\":\"Cataclean\",\"url\":\"https:\/\/cataclean.com\/\",\"logo\":{\"@type\":\"ImageObject\",\"inLanguage\":\"de\",\"@id\":\"https:\/\/cataclean.com\/#\/schema\/logo\/image\/\",\"url\":\"https:\/\/cataclean.com\/wp-content\/uploads\/2022\/01\/cataclean-logo.webp\",\"contentUrl\":\"https:\/\/cataclean.com\/wp-content\/uploads\/2022\/01\/cataclean-logo.webp\",\"width\":460,\"height\":68,\"caption\":\"Cataclean\"},\"image\":{\"@id\":\"https:\/\/cataclean.com\/#\/schema\/logo\/image\/\"},\"sameAs\":[\"https:\/\/www.facebook.com\/cataclean\/\",\"https:\/\/x.com\/Catacleanuk\"]}]}<\/script>\n<!-- \/ Yoast SEO plugin. -->","yoast_head_json":{"title":"\u00dcber uns - Cataclean","robots":{"index":"index","follow":"follow","max-snippet":"max-snippet:-1","max-image-preview":"max-image-preview:large","max-video-preview":"max-video-preview:-1"},"canonical":"https:\/\/cataclean.com\/de\/ueber-uns\/","og_locale":"de_DE","og_type":"article","og_title":"\u00dcber uns - Cataclean","og_url":"https:\/\/cataclean.com\/de\/ueber-uns\/","og_site_name":"Cataclean","article_publisher":"https:\/\/www.facebook.com\/cataclean\/","article_modified_time":"2023-04-27T09:15:56+00:00","twitter_card":"summary_large_image","twitter_site":"@Catacleanuk","twitter_misc":{"Gesch\u00e4tzte Lesezeit":"2\u00a0Minuten"},"schema":{"@context":"https:\/\/schema.org","@graph":[{"@type":"WebPage","@id":"https:\/\/cataclean.com\/de\/ueber-uns\/","url":"https:\/\/cataclean.com\/de\/ueber-uns\/","name":"\u00dcber uns - Cataclean","isPartOf":{"@id":"https:\/\/cataclean.com\/#website"},"datePublished":"2022-01-25T12:22:15+00:00","dateModified":"2023-04-27T09:15:56+00:00","breadcrumb":{"@id":"https:\/\/cataclean.com\/de\/ueber-uns\/#breadcrumb"},"inLanguage":"de","potentialAction":[{"@type":"ReadAction","target":["https:\/\/cataclean.com\/de\/ueber-uns\/"]}]},{"@type":"BreadcrumbList","@id":"https:\/\/cataclean.com\/de\/ueber-uns\/#breadcrumb","itemListElement":[{"@type":"ListItem","position":1,"name":"Home","item":"https:\/\/cataclean.com\/de\/"},{"@type":"ListItem","position":2,"name":"\u00dcber uns"}]},{"@type":"WebSite","@id":"https:\/\/cataclean.com\/#website","url":"https:\/\/cataclean.com\/","name":"Cataclean","description":"THE COMPLETE FUEL AND EXHAUST SYSTEM CLEANER","publisher":{"@id":"https:\/\/cataclean.com\/#organization"},"potentialAction":[{"@type":"SearchAction","target":{"@type":"EntryPoint","urlTemplate":"https:\/\/cataclean.com\/?s={search_term_string}"},"query-input":{"@type":"PropertyValueSpecification","valueRequired":true,"valueName":"search_term_string"}}],"inLanguage":"de"},{"@type":"Organization","@id":"https:\/\/cataclean.com\/#organization","name":"Cataclean","url":"https:\/\/cataclean.com\/","logo":{"@type":"ImageObject","inLanguage":"de","@id":"https:\/\/cataclean.com\/#\/schema\/logo\/image\/","url":"https:\/\/cataclean.com\/wp-content\/uploads\/2022\/01\/cataclean-logo.webp","contentUrl":"https:\/\/cataclean.com\/wp-content\/uploads\/2022\/01\/cataclean-logo.webp","width":460,"height":68,"caption":"Cataclean"},"image":{"@id":"https:\/\/cataclean.com\/#\/schema\/logo\/image\/"},"sameAs":["https:\/\/www.facebook.com\/cataclean\/","https:\/\/x.com\/Catacleanuk"]}]}},"_links":{"self":[{"href":"https:\/\/cataclean.com\/de\/wp-json\/wp\/v2\/pages\/896","targetHints":{"allow":["GET"]}}],"collection":[{"href":"https:\/\/cataclean.com\/de\/wp-json\/wp\/v2\/pages"}],"about":[{"href":"https:\/\/cataclean.com\/de\/wp-json\/wp\/v2\/types\/page"}],"author":[{"embeddable":true,"href":"https:\/\/cataclean.com\/de\/wp-json\/wp\/v2\/users\/1"}],"replies":[{"embeddable":true,"href":"https:\/\/cataclean.com\/de\/wp-json\/wp\/v2\/comments?post=896"}],"version-history":[{"count":8,"href":"https:\/\/cataclean.com\/de\/wp-json\/wp\/v2\/pages\/896\/revisions"}],"predecessor-version":[{"id":1434,"href":"https:\/\/cataclean.com\/de\/wp-json\/wp\/v2\/pages\/896\/revisions\/1434"}],"wp:attachment":[{"href":"https:\/\/cataclean.com\/de\/wp-json\/wp\/v2\/media?parent=896"}],"curies":[{"name":"wp","href":"https:\/\/api.w.org\/{rel}","templated":true}]}}